{"id":421,"date":"2024-05-20T13:57:49","date_gmt":"2024-05-20T16:57:49","guid":{"rendered":"https:\/\/veracruzinternational.com.br\/?page_id=421"},"modified":"2024-06-03T22:12:39","modified_gmt":"2024-06-04T01:12:39","slug":"financial-technology-financial-services-sectors","status":"publish","type":"page","link":"https:\/\/veracruzinternational.com.br\/pt\/financial-technology-financial-services-sectors\/","title":{"rendered":"FINANCIAL TECHNOLOGY, FINANCIAL SERVICES SECTORS"},"content":{"rendered":"<p>[et_pb_section fb_built=&#8221;1&#8243; next_background_color=&#8221;#f7f7f7&#8243; admin_label=&#8221;Hero Section&#8221; _builder_version=&#8221;4.24.3&#8243; use_background_color_gradient=&#8221;on&#8221; background_color_gradient_stops=&#8221;rgba(0,0,0,0.4) 0%|rgba(0,0,0,0.4) 100%&#8221; background_color_gradient_overlays_image=&#8221;on&#8221; background_color_gradient_start=&#8221;rgba(0,0,0,0.4)&#8221; background_color_gradient_end=&#8221;rgba(0,0,0,0.4)&#8221; background_image=&#8221;https:\/\/veracruzinternational.com.br\/wp-content\/uploads\/2024\/05\/investors.jpg&#8221; background_position=&#8221;center_right&#8221; custom_padding=&#8221;6%||6%|&#8221; bottom_divider_style=&#8221;slant&#8221; bottom_divider_height=&#8221;60px&#8221; global_colors_info=&#8221;{}&#8221; background_color_gradient_direction__hover=&#8221;180deg&#8221; background_color_gradient_direction__hover_enabled=&#8221;180deg&#8221; background_color_gradient_start_position__hover=&#8221;0%&#8221; background_color_gradient_start_position__hover_enabled=&#8221;0%&#8221; background_color_gradient_end_position__hover=&#8221;100%&#8221; background_color_gradient_end_position__hover_enabled=&#8221;100%&#8221; background_color_gradient_stops__hover=&#8221;rgba(0,0,0,0.4) 0%|rgba(0,0,0,0.4) 100%&#8221;][et_pb_row admin_label=&#8221;Page Title Area&#8221; _builder_version=&#8221;4.16&#8243; background_size=&#8221;initial&#8221; background_position=&#8221;top_left&#8221; background_repeat=&#8221;repeat&#8221; global_colors_info=&#8221;{}&#8221;][et_pb_column type=&#8221;4_4&#8243; _builder_version=&#8221;4.16&#8243; custom_padding=&#8221;|||&#8221; global_colors_info=&#8221;{}&#8221; custom_padding__hover=&#8221;|||&#8221;][et_pb_text admin_label=&#8221;Hero Section Title&#8221; _builder_version=&#8221;4.24.3&#8243; text_font=&#8221;Montserrat||||||||&#8221; text_font_size=&#8221;18px&#8221; text_line_height=&#8221;1.8em&#8221; header_font=&#8221;Montserrat|600||on|||||&#8221; header_font_size=&#8221;45px&#8221; header_letter_spacing=&#8221;3px&#8221; header_line_height=&#8221;1.3em&#8221; header_2_font=&#8221;Montserrat|700|||||||&#8221; header_2_text_color=&#8221;rgba(255,255,255,0.6)&#8221; header_2_font_size=&#8221;90px&#8221; header_2_letter_spacing=&#8221;3px&#8221; header_2_line_height=&#8221;1.1em&#8221; text_orientation=&#8221;center&#8221; background_layout=&#8221;dark&#8221; max_width=&#8221;967px&#8221; module_alignment=&#8221;center&#8221; custom_margin=&#8221;|||&#8221; animation_style=&#8221;fade&#8221; animation_direction=&#8221;bottom&#8221; header_font_size_tablet=&#8221;&#8221; header_font_size_phone=&#8221;28px&#8221; header_font_size_last_edited=&#8221;on|phone&#8221; header_2_font_size_tablet=&#8221;&#8221; header_2_font_size_phone=&#8221;50px&#8221; header_2_font_size_last_edited=&#8221;on|phone&#8221; text_text_shadow_style=&#8221;preset1&#8243; global_colors_info=&#8221;{}&#8221;]<\/p>\n<div class=\"et_pb_module et_pb_text et_pb_text_4 et_pb_text_align_left et_pb_bg_layout_light et_had_animation\">\n<div class=\"et_pb_text_inner\">\n<h1 style=\"text-align: center;\">TECNOLOGIA FINANCEIRA \/ SERVI\u00c7OS FINANCEIROS<\/h1>\n<\/div>\n<\/div>\n<div class=\"et_pb_module et_pb_text et_pb_text_5 et_pb_text_align_left et_pb_bg_layout_light et_had_animation\"><\/div>\n<p>[\/et_pb_text][\/et_pb_column][\/et_pb_row][\/et_pb_section][et_pb_section fb_built=&#8221;1&#8243; admin_label=&#8221;About Section&#8221; _builder_version=&#8221;4.16&#8243; background_color=&#8221;#f7f7f7&#8243; custom_padding=&#8221;90px||90px|&#8221; global_colors_info=&#8221;{}&#8221;][et_pb_row column_structure=&#8221;1_2,1_2&#8243; admin_label=&#8221;Section Title&#8221; _builder_version=&#8221;4.16&#8243; width=&#8221;83.7%&#8221; custom_margin=&#8221;|||&#8221; custom_padding=&#8221;27px|0px|19px|0px||&#8221; locked=&#8221;off&#8221; global_colors_info=&#8221;{}&#8221;][et_pb_column type=&#8221;1_2&#8243; _builder_version=&#8221;4.16&#8243; custom_padding=&#8221;|||&#8221; global_colors_info=&#8221;{}&#8221; custom_padding__hover=&#8221;|||&#8221;][et_pb_text admin_label=&#8221;Title&#8221; _builder_version=&#8221;4.24.3&#8243; text_font=&#8221;Montserrat|300|||||||&#8221; text_text_color=&#8221;#444444&#8243; text_font_size=&#8221;16px&#8221; text_line_height=&#8221;1.8em&#8221; link_font=&#8221;||||on|||#f46624|&#8221; link_text_color=&#8221;#333333&#8243; header_font=&#8221;||||||||&#8221; header_2_font=&#8221;Montserrat|600||on|||||&#8221; header_2_text_align=&#8221;center&#8221; header_2_font_size=&#8221;30px&#8221; text_orientation=&#8221;center&#8221; max_width=&#8221;1147px&#8221; module_alignment=&#8221;center&#8221; custom_margin=&#8221;||-1px|||&#8221; animation_style=&#8221;slide&#8221; animation_direction=&#8221;top&#8221; animation_intensity_slide=&#8221;20%&#8221; animation_starting_opacity=&#8221;100%&#8221; global_colors_info=&#8221;{}&#8221;]<\/p>\n<p style=\"text-align: justify;\">Podemos aconselhar nossos clientes do setor de Servi\u00e7os Financeiros em planejamento integrado, estrat\u00e9gias de redu\u00e7\u00e3o de custos, melhorias operacionais, gest\u00e3o de riscos e transforma\u00e7\u00e3o tecnol\u00f3gica.<\/p>\n<p style=\"text-align: justify;\">Tamb\u00e9m podemos ajudar nossos clientes a otimizar a rentabilidade, aprimorar a gest\u00e3o de riscos, aumentar a efici\u00eancia e promover mudan\u00e7as sustent\u00e1veis, desenvolvendo modelos operacionais, metodologias e processos para gerenciar de maneira mais eficaz e eficiente as necessidades de planejamento, financiamento, liquidez e gest\u00e3o de balan\u00e7os de uma empresa.<\/p>\n<p style=\"text-align: justify;\">Temos experi\u00eancia em gest\u00e3o de desempenho financeiro, gest\u00e3o de capital, gest\u00e3o de financiamento e liquidez, gest\u00e3o de riscos de taxa de juros, liquidez e c\u00e2mbio, gest\u00e3o de custos, transforma\u00e7\u00e3o financeira, planejamento financeiro baseado em cen\u00e1rios e estruturas de testes de estresse, benchmarking da ind\u00fastria e an\u00e1lise de lacunas, al\u00e9m de capacidades para governan\u00e7a, processos, modelagem e relat\u00f3rios.<\/p>\n<p>[\/et_pb_text][\/et_pb_column][et_pb_column type=&#8221;1_2&#8243; _builder_version=&#8221;4.16&#8243; custom_padding=&#8221;|||&#8221; global_colors_info=&#8221;{}&#8221; custom_padding__hover=&#8221;|||&#8221;][et_pb_image src=&#8221;https:\/\/veracruzinternational.com.br\/wp-content\/uploads\/2024\/05\/financial.jpg&#8221; title_text=&#8221;financial&#8221; align=&#8221;center&#8221; _builder_version=&#8221;4.24.3&#8243; _module_preset=&#8221;default&#8221; global_colors_info=&#8221;{}&#8221;][\/et_pb_image][\/et_pb_column][\/et_pb_row][et_pb_row _builder_version=&#8221;4.24.3&#8243; _module_preset=&#8221;default&#8221; custom_padding=&#8221;8px|||||&#8221; global_colors_info=&#8221;{}&#8221;][et_pb_column type=&#8221;4_4&#8243; _builder_version=&#8221;4.24.3&#8243; _module_preset=&#8221;default&#8221; global_colors_info=&#8221;{}&#8221;][et_pb_text admin_label=&#8221;Title&#8221; _builder_version=&#8221;4.24.3&#8243; text_font=&#8221;Montserrat|300|||||||&#8221; text_text_color=&#8221;#444444&#8243; text_font_size=&#8221;16px&#8221; text_line_height=&#8221;1.8em&#8221; link_font=&#8221;||||on|||#f46624|&#8221; link_text_color=&#8221;#333333&#8243; header_font=&#8221;||||||||&#8221; header_2_font=&#8221;Montserrat|600||on|||||&#8221; header_2_text_align=&#8221;center&#8221; header_2_font_size=&#8221;30px&#8221; text_orientation=&#8221;center&#8221; max_width=&#8221;1147px&#8221; module_alignment=&#8221;center&#8221; custom_margin=&#8221;-1px||40px|||&#8221; animation_style=&#8221;slide&#8221; animation_direction=&#8221;top&#8221; animation_intensity_slide=&#8221;20%&#8221; animation_starting_opacity=&#8221;100%&#8221; global_colors_info=&#8221;{}&#8221;]<\/p>\n<p style=\"text-align: justify;\">Podemos ajudar as empresas de nossos clientes a desenvolver e replanejar planos estrat\u00e9gicos de forma eficiente, alocar recursos financeiros e impulsionar melhorias no retorno sobre o patrim\u00f4nio (ROE) por meio da transforma\u00e7\u00e3o digital, dados e an\u00e1lises de \u00faltima gera\u00e7\u00e3o, visibilidade e controle de processos.<\/p>\n<p style=\"text-align: justify;\">Temos vasta experi\u00eancia na ind\u00fastria de pagamentos, desde emissores de cart\u00f5es e redes de pagamento at\u00e9 processadores de pagamento, gateways e adquirentes de comerciantes. Temos desempenhado um papel integral no FinTech e sabemos o que \u00e9 necess\u00e1rio para tanto iniciar quanto expandir um neg\u00f3cio digital. Al\u00e9m disso, temos muitos anos de experi\u00eancia e conhecimento pr\u00e1tico em setores mais tradicionais e disruptivos de servi\u00e7os financeiros, como financiamento de ativos, empr\u00e9stimos baseados em ativos, financiamento de cadeia de suprimentos, invent\u00e1rio, receb\u00edveis e financiamento de com\u00e9rcio global.<\/p>\n<p style=\"text-align: justify;\">Trazemos uma experi\u00eancia profunda que pode ajudar nossos clientes a prosperar no mundo de hoje, com maior concorr\u00eancia, requisitos regulat\u00f3rios mais rigorosos e o impacto profundo de solu\u00e7\u00f5es digitais inovadoras e a desintermedia\u00e7\u00e3o que elas possibilitam nos mercados tradicionais.<\/p>\n<p style=\"text-align: justify;\">Trabalhamos ao redor do mundo com pagamentos sem contato, online e em tempo real, bem como em todo o espectro de transa\u00e7\u00f5es transfronteiri\u00e7as, desde alternativas de roteamento de moeda digital e fiduci\u00e1ria at\u00e9 pagamentos integrados para fidelidade do cliente e ado\u00e7\u00e3o de carteiras digitais multicurrency.<\/p>\n<p style=\"text-align: justify;\">Tamb\u00e9m podemos desempenhar um papel crucial na ajuda a transa\u00e7\u00f5es de private equity nesses setores para conduzir due diligences e desenvolver estrat\u00e9gias em reestrutura\u00e7\u00f5es, fus\u00f5es e aquisi\u00e7\u00f5es, e no fornecimento de suporte p\u00f3s-aquisi\u00e7\u00e3o para neg\u00f3cios e ativos tradicionais, bem como criptogr\u00e1ficos. Nas \u00e1reas de estrat\u00e9gia de risco, organiza\u00e7\u00e3o e governan\u00e7a, podemos apoiar prioridades estrat\u00e9gicas e agendas de risco emergentes, incluindo o desenvolvimento de processos de governan\u00e7a e controles necess\u00e1rios para gerenciar riscos de forma eficaz.<\/p>\n<p style=\"text-align: justify;\">Podemos ajudar os clientes a desenvolver programas regulat\u00f3rios e de combate ao crime financeiro abrangentes e eficazes, projetando controles para gerenciar v\u00e1rios riscos. Temos experi\u00eancia pr\u00e1tica em gest\u00e3o de risco de ativos digitais, onde podemos apoiar nossos clientes no desenvolvimento de estrat\u00e9gias, cen\u00e1rios, governan\u00e7a, metodologias e infraestrutura para medir e gerenciar os riscos e obriga\u00e7\u00f5es regulat\u00f3rias.<\/p>\n<p style=\"text-align: justify;\">Trabalhamos com empresas nativas de criptomoedas para melhorar sua governan\u00e7a, neg\u00f3cios, opera\u00e7\u00f5es e ofertas de produtos. Tamb\u00e9m podemos ajudar nossos clientes a se prepararem para futuras regulamenta\u00e7\u00f5es de forma estrat\u00e9gica e operacional, garantindo que coloquem a resili\u00eancia no centro da constru\u00e7\u00e3o de seus neg\u00f3cios e previnam, respondam, recuperem e aprendam com interrup\u00e7\u00f5es operacionais e tecnol\u00f3gicas.<\/p>\n<p style=\"text-align: justify;\">Podemos trabalhar com executivos seniores de Compliance para entregar resultados na defini\u00e7\u00e3o de estrat\u00e9gias e modelos operacionais-alvo, transforma\u00e7\u00e3o organizacional e execu\u00e7\u00e3o de projetos, e podemos ajudar os clientes a acompanhar a digitaliza\u00e7\u00e3o e desenvolver e implementar metodologias inovadoras para quantificar e mitigar os riscos que enfrentam. Podemos trabalhar com clientes para desenvolver programas abrangentes e eficazes de combate ao crime financeiro, projetando controles para gerenciar exposi\u00e7\u00f5es a riscos reputacionais e relacionados \u00e0 conduta. Reformulamos a coleta de dados, a infraestrutura de risco e os processos para garantir que nossos clientes tenham dados bem governados dispon\u00edveis em tempo real e uma arquitetura de sistemas de risco adequada.<\/p>\n<p style=\"text-align: justify;\">Aconselhamos governos no desenvolvimento de solu\u00e7\u00f5es inovadoras de pol\u00edticas p\u00fablicas usando tecnologias blockchain e ativos digitais, e trabalhamos com empresas nativas de criptomoedas, capital privado, formuladores de pol\u00edticas p\u00fablicas e players financeiros tradicionais para fornecer suporte em reestrutura\u00e7\u00f5es e reviravoltas.<\/p>\n<p style=\"text-align: justify;\">Somos capazes de trazer uma profunda expertise em gest\u00e3o de riscos para criar impacto para nossos clientes de servi\u00e7os financeiros e ajud\u00e1-los a enfrentar seus maiores desafios, tanto hoje quanto no futuro. Apoiamos os clientes no desenvolvimento de estrat\u00e9gias, governan\u00e7a, metodologias, processos, iniciativas de gest\u00e3o de mudan\u00e7as e infraestrutura para medir e gerenciar os riscos que enfrentam.<\/p>\n<p style=\"text-align: justify;\">[\/et_pb_text][\/et_pb_column][\/et_pb_row][\/et_pb_section][et_pb_section fb_built=&#8221;1&#8243; admin_label=&#8221;CTA Section&#8221; _builder_version=&#8221;4.24.3&#8243; background_color=&#8221;#f16334&#8243; use_background_color_gradient=&#8221;on&#8221; background_color_gradient_stops=&#8221;rgba(0,0,0,0.42) 1%|rgba(255,255,255,0) 99%&#8221; background_color_gradient_overlays_image=&#8221;on&#8221; background_color_gradient_start=&#8221;#f16334&#8243; background_color_gradient_end=&#8221;rgba(241,99,52,0.85)&#8221; background_image=&#8221;https:\/\/veracruzinternational.com.br\/wp-content\/uploads\/2024\/05\/financial2.jpg&#8221; custom_padding=&#8221;152px||133px|||&#8221; global_colors_info=&#8221;{}&#8221;][et_pb_row admin_label=&#8221;CTA Area&#8221; _builder_version=&#8221;4.16&#8243; locked=&#8221;off&#8221; global_colors_info=&#8221;{}&#8221;][et_pb_column type=&#8221;4_4&#8243; _builder_version=&#8221;4.16&#8243; custom_padding=&#8221;|||&#8221; global_colors_info=&#8221;{}&#8221; custom_padding__hover=&#8221;|||&#8221;][et_pb_text _builder_version=&#8221;4.24.3&#8243; text_font=&#8221;Montserrat||||||||&#8221; text_font_size=&#8221;37px&#8221; text_line_height=&#8221;1.5em&#8221; text_orientation=&#8221;center&#8221; background_layout=&#8221;dark&#8221; module_alignment=&#8221;center&#8221; custom_padding=&#8221;||20px|&#8221; animation_style=&#8221;flip&#8221; animation_intensity_flip=&#8221;20%&#8221; animation_starting_opacity=&#8221;200%&#8221; text_text_shadow_style=&#8221;preset2&#8243; global_colors_info=&#8221;{}&#8221;]<\/p>\n<p>Trazemos uma experi\u00eancia profunda que pode ajudar nossos clientes a prosperar no mundo de hoje, com maior concorr\u00eancia, requisitos regulat\u00f3rios mais rigorosos e o impacto profundo de solu\u00e7\u00f5es digitais inovadoras e a desintermedia\u00e7\u00e3o que elas possibilitam nos mercados tradicionais.<\/p>\n<p>[\/et_pb_text][et_pb_button button_url=&#8221;https:\/\/wa.me\/447794219606?text=Eu+gostaria+de+mais+informa\u00e7\u00f5es+por%20favor&#8221; button_text=&#8221;contate-nos!&#8221; button_alignment=&#8221;center&#8221; _builder_version=&#8221;4.24.3&#8243; custom_button=&#8221;on&#8221; button_text_size=&#8221;16px&#8221; button_text_color=&#8221;#FFFFFF&#8221; button_bg_color=&#8221;#7CDA24&#8243; button_border_width=&#8221;0px&#8221; button_letter_spacing=&#8221;2px&#8221; button_font=&#8221;Montserrat|600||on|||||&#8221; button_icon=&#8221;&#xf232;||fa||400&#8243; button_on_hover=&#8221;off&#8221; custom_margin=&#8221;|||&#8221; custom_padding=&#8221;12px||12px|&#8221; animation_style=&#8221;fade&#8221; hover_enabled=&#8221;0&#8243; button_letter_spacing_hover=&#8221;2px&#8221; global_colors_info=&#8221;{}&#8221; button_text_size__hover_enabled=&#8221;off&#8221; button_one_text_size__hover_enabled=&#8221;off&#8221; button_two_text_size__hover_enabled=&#8221;off&#8221; button_text_color__hover_enabled=&#8221;off&#8221; button_one_text_color__hover_enabled=&#8221;off&#8221; button_two_text_color__hover_enabled=&#8221;off&#8221; button_border_width__hover_enabled=&#8221;off&#8221; button_one_border_width__hover_enabled=&#8221;off&#8221; button_two_border_width__hover_enabled=&#8221;off&#8221; button_border_color__hover_enabled=&#8221;off&#8221; button_one_border_color__hover_enabled=&#8221;off&#8221; button_two_border_color__hover_enabled=&#8221;off&#8221; button_border_radius__hover_enabled=&#8221;off&#8221; button_one_border_radius__hover_enabled=&#8221;off&#8221; button_two_border_radius__hover_enabled=&#8221;off&#8221; button_letter_spacing__hover_enabled=&#8221;on&#8221; button_letter_spacing__hover=&#8221;2px&#8221; button_one_letter_spacing__hover_enabled=&#8221;off&#8221; button_two_letter_spacing__hover_enabled=&#8221;off&#8221; button_bg_color__hover_enabled=&#8221;off&#8221; button_one_bg_color__hover_enabled=&#8221;off&#8221; button_two_bg_color__hover_enabled=&#8221;off&#8221; sticky_enabled=&#8221;0&#8243;][\/et_pb_button][\/et_pb_column][\/et_pb_row][\/et_pb_section]<\/p>\n","protected":false},"excerpt":{"rendered":"<p>TECNOLOGIA FINANCEIRA \/ SERVI\u00c7OS FINANCEIROS Podemos aconselhar nossos clientes do setor de Servi\u00e7os Financeiros em planejamento integrado, estrat\u00e9gias de redu\u00e7\u00e3o de custos, melhorias operacionais, gest\u00e3o de riscos e transforma\u00e7\u00e3o tecnol\u00f3gica. Tamb\u00e9m podemos ajudar nossos clientes a otimizar a rentabilidade, aprimorar a gest\u00e3o de riscos, aumentar a efici\u00eancia e promover mudan\u00e7as sustent\u00e1veis, desenvolvendo modelos operacionais, metodologias [&hellip;]<\/p>\n","protected":false},"author":1,"featured_media":0,"parent":0,"menu_order":0,"comment_status":"closed","ping_status":"closed","template":"","meta":{"_et_pb_use_builder":"on","_et_pb_old_content":"","_et_gb_content_width":"","footnotes":""},"class_list":["post-421","page","type-page","status-publish","hentry"],"_links":{"self":[{"href":"https:\/\/veracruzinternational.com.br\/pt\/wp-json\/wp\/v2\/pages\/421","targetHints":{"allow":["GET"]}}],"collection":[{"href":"https:\/\/veracruzinternational.com.br\/pt\/wp-json\/wp\/v2\/pages"}],"about":[{"href":"https:\/\/veracruzinternational.com.br\/pt\/wp-json\/wp\/v2\/types\/page"}],"author":[{"embeddable":true,"href":"https:\/\/veracruzinternational.com.br\/pt\/wp-json\/wp\/v2\/users\/1"}],"replies":[{"embeddable":true,"href":"https:\/\/veracruzinternational.com.br\/pt\/wp-json\/wp\/v2\/comments?post=421"}],"version-history":[{"count":10,"href":"https:\/\/veracruzinternational.com.br\/pt\/wp-json\/wp\/v2\/pages\/421\/revisions"}],"predecessor-version":[{"id":538,"href":"https:\/\/veracruzinternational.com.br\/pt\/wp-json\/wp\/v2\/pages\/421\/revisions\/538"}],"wp:attachment":[{"href":"https:\/\/veracruzinternational.com.br\/pt\/wp-json\/wp\/v2\/media?parent=421"}],"curies":[{"name":"wp","href":"https:\/\/api.w.org\/{rel}","templated":true}]}}