{"id":412,"date":"2024-05-20T13:46:21","date_gmt":"2024-05-20T16:46:21","guid":{"rendered":"https:\/\/veracruzinternational.com.br\/?page_id=412"},"modified":"2024-06-03T22:12:27","modified_gmt":"2024-06-04T01:12:27","slug":"logistics-and-transportation","status":"publish","type":"page","link":"https:\/\/veracruzinternational.com.br\/pt\/logistics-and-transportation\/","title":{"rendered":"Logistics and Transportation"},"content":{"rendered":"<p>[et_pb_section fb_built=&#8221;1&#8243; next_background_color=&#8221;#f7f7f7&#8243; admin_label=&#8221;Hero Section&#8221; _builder_version=&#8221;4.24.3&#8243; use_background_color_gradient=&#8221;on&#8221; background_color_gradient_stops=&#8221;rgba(0,0,0,0.4) 0%|rgba(0,0,0,0.4) 100%&#8221; background_color_gradient_overlays_image=&#8221;on&#8221; background_color_gradient_start=&#8221;rgba(0,0,0,0.4)&#8221; background_color_gradient_end=&#8221;rgba(0,0,0,0.4)&#8221; background_image=&#8221;https:\/\/veracruzinternational.com.br\/wp-content\/uploads\/2024\/05\/investors.jpg&#8221; background_position=&#8221;center_right&#8221; custom_padding=&#8221;6%||6%|&#8221; bottom_divider_style=&#8221;slant&#8221; bottom_divider_height=&#8221;60px&#8221; global_colors_info=&#8221;{}&#8221; background_color_gradient_direction__hover=&#8221;180deg&#8221; background_color_gradient_direction__hover_enabled=&#8221;180deg&#8221; background_color_gradient_start_position__hover=&#8221;0%&#8221; background_color_gradient_start_position__hover_enabled=&#8221;0%&#8221; background_color_gradient_end_position__hover=&#8221;100%&#8221; background_color_gradient_end_position__hover_enabled=&#8221;100%&#8221; background_color_gradient_stops__hover=&#8221;rgba(0,0,0,0.4) 0%|rgba(0,0,0,0.4) 100%&#8221;][et_pb_row admin_label=&#8221;Page Title Area&#8221; _builder_version=&#8221;4.16&#8243; background_size=&#8221;initial&#8221; background_position=&#8221;top_left&#8221; background_repeat=&#8221;repeat&#8221; global_colors_info=&#8221;{}&#8221;][et_pb_column type=&#8221;4_4&#8243; _builder_version=&#8221;4.16&#8243; custom_padding=&#8221;|||&#8221; global_colors_info=&#8221;{}&#8221; custom_padding__hover=&#8221;|||&#8221;][et_pb_text admin_label=&#8221;Hero Section Title&#8221; _builder_version=&#8221;4.24.3&#8243; text_font=&#8221;Montserrat||||||||&#8221; text_font_size=&#8221;18px&#8221; text_line_height=&#8221;1.8em&#8221; header_font=&#8221;Montserrat|600||on|||||&#8221; header_font_size=&#8221;48px&#8221; header_letter_spacing=&#8221;3px&#8221; header_line_height=&#8221;1.3em&#8221; header_2_font=&#8221;Montserrat|700|||||||&#8221; header_2_text_color=&#8221;rgba(255,255,255,0.6)&#8221; header_2_font_size=&#8221;90px&#8221; header_2_letter_spacing=&#8221;3px&#8221; header_2_line_height=&#8221;1.1em&#8221; text_orientation=&#8221;center&#8221; background_layout=&#8221;dark&#8221; max_width=&#8221;700px&#8221; module_alignment=&#8221;center&#8221; custom_margin=&#8221;|||&#8221; animation_style=&#8221;fade&#8221; animation_direction=&#8221;bottom&#8221; header_font_size_tablet=&#8221;&#8221; header_font_size_phone=&#8221;28px&#8221; header_font_size_last_edited=&#8221;on|phone&#8221; header_2_font_size_tablet=&#8221;&#8221; header_2_font_size_phone=&#8221;50px&#8221; header_2_font_size_last_edited=&#8221;on|phone&#8221; text_text_shadow_style=&#8221;preset1&#8243; global_colors_info=&#8221;{}&#8221;]<\/p>\n<div class=\"et_pb_module et_pb_text et_pb_text_4 et_pb_text_align_left et_pb_bg_layout_light et_had_animation\">\n<div class=\"et_pb_text_inner\">\n<h1 style=\"text-align: center;\">Log\u00edstica e Transporte<\/h1>\n<\/div>\n<\/div>\n<p>[\/et_pb_text][\/et_pb_column][\/et_pb_row][\/et_pb_section][et_pb_section fb_built=&#8221;1&#8243; admin_label=&#8221;About Section&#8221; _builder_version=&#8221;4.16&#8243; background_color=&#8221;#f7f7f7&#8243; custom_padding=&#8221;90px||90px|&#8221; global_colors_info=&#8221;{}&#8221;][et_pb_row column_structure=&#8221;1_2,1_2&#8243; admin_label=&#8221;Section Title&#8221; _builder_version=&#8221;4.16&#8243; width=&#8221;83.7%&#8221; custom_margin=&#8221;|||&#8221; custom_padding=&#8221;27px|0px|19px|0px||&#8221; locked=&#8221;off&#8221; global_colors_info=&#8221;{}&#8221;][et_pb_column type=&#8221;1_2&#8243; _builder_version=&#8221;4.16&#8243; custom_padding=&#8221;|||&#8221; global_colors_info=&#8221;{}&#8221; custom_padding__hover=&#8221;|||&#8221;][et_pb_text admin_label=&#8221;Title&#8221; _builder_version=&#8221;4.24.3&#8243; text_font=&#8221;Montserrat|300|||||||&#8221; text_text_color=&#8221;#444444&#8243; text_font_size=&#8221;16px&#8221; text_line_height=&#8221;1.8em&#8221; link_font=&#8221;||||on|||#f46624|&#8221; link_text_color=&#8221;#333333&#8243; header_font=&#8221;||||||||&#8221; header_2_font=&#8221;Montserrat|600||on|||||&#8221; header_2_text_align=&#8221;center&#8221; header_2_font_size=&#8221;30px&#8221; text_orientation=&#8221;center&#8221; max_width=&#8221;1147px&#8221; module_alignment=&#8221;center&#8221; custom_margin=&#8221;||-1px|||&#8221; animation_style=&#8221;slide&#8221; animation_direction=&#8221;top&#8221; animation_intensity_slide=&#8221;20%&#8221; animation_starting_opacity=&#8221;100%&#8221; global_colors_info=&#8221;{}&#8221;]<\/p>\n<p style=\"text-align: justify;\">\u00c0 medida que os consumidores exigem servi\u00e7os cada vez mais personalizados e \u00e9ticos, os operadores log\u00edsticos est\u00e3o sob maior press\u00e3o do que nunca para transformar seus neg\u00f3cios em resposta.<\/p>\n<p style=\"text-align: justify;\">Nos \u00faltimos anos, vimos que as exig\u00eancias de efici\u00eancia e as demandas complexas dos consumidores t\u00eam colocado uma press\u00e3o crescente nas cadeias de suprimentos em diversos setores. Os operadores log\u00edsticos enfrentam desafios n\u00e3o apenas em termos de seus pr\u00f3prios neg\u00f3cios, mas tamb\u00e9m em rela\u00e7\u00e3o ao papel cr\u00edtico que desempenham para seus parceiros.<\/p>\n<p style=\"text-align: justify;\">A import\u00e2ncia de ser resiliente e eficiente operacionalmente \u00e9 uma tend\u00eancia emergente. Isso requer o aprimoramento das capacidades de gest\u00e3o de riscos no design e na gest\u00e3o das opera\u00e7\u00f5es, para que os riscos relacionados \u00e0 continuidade dos neg\u00f3cios possam ser mitigados sem depender da ociosidade custosa.<\/p>\n<p>[\/et_pb_text][\/et_pb_column][et_pb_column type=&#8221;1_2&#8243; _builder_version=&#8221;4.16&#8243; custom_padding=&#8221;|||&#8221; global_colors_info=&#8221;{}&#8221; custom_padding__hover=&#8221;|||&#8221;][et_pb_image src=&#8221;https:\/\/veracruzinternational.com.br\/wp-content\/uploads\/2024\/05\/logistics-2a.jpg&#8221; title_text=&#8221;logistics-2a&#8221; align=&#8221;center&#8221; _builder_version=&#8221;4.24.3&#8243; _module_preset=&#8221;default&#8221; global_colors_info=&#8221;{}&#8221;][\/et_pb_image][\/et_pb_column][\/et_pb_row][et_pb_row _builder_version=&#8221;4.24.3&#8243; _module_preset=&#8221;default&#8221; custom_padding=&#8221;8px|||||&#8221; global_colors_info=&#8221;{}&#8221;][et_pb_column type=&#8221;4_4&#8243; _builder_version=&#8221;4.24.3&#8243; _module_preset=&#8221;default&#8221; global_colors_info=&#8221;{}&#8221;][et_pb_text admin_label=&#8221;Title&#8221; _builder_version=&#8221;4.24.3&#8243; text_font=&#8221;Montserrat|300|||||||&#8221; text_text_color=&#8221;#444444&#8243; text_font_size=&#8221;16px&#8221; text_line_height=&#8221;1.8em&#8221; link_font=&#8221;||||on|||#f46624|&#8221; link_text_color=&#8221;#333333&#8243; header_font=&#8221;||||||||&#8221; header_2_font=&#8221;Montserrat|600||on|||||&#8221; header_2_text_align=&#8221;center&#8221; header_2_font_size=&#8221;30px&#8221; text_orientation=&#8221;center&#8221; max_width=&#8221;1147px&#8221; module_alignment=&#8221;center&#8221; custom_margin=&#8221;-1px||40px|||&#8221; animation_style=&#8221;slide&#8221; animation_direction=&#8221;top&#8221; animation_intensity_slide=&#8221;20%&#8221; animation_starting_opacity=&#8221;100%&#8221; global_colors_info=&#8221;{}&#8221;]<\/p>\n<p style=\"text-align: justify;\">A sustentabilidade, tanto do ponto de vista ambiental quanto social, \u00e9 uma press\u00e3o crescente na cadeia de suprimentos, especialmente considerando os impactos da log\u00edstica e do transporte no meio ambiente. A tecnologia de ponta \u00e9 vital para automatizar esses novos requisitos ao longo da cadeia de suprimentos. Essas tecnologias incluem ve\u00edculos aut\u00f4nomos, combust\u00edveis alternativos, blockchain e intelig\u00eancia artificial, entre outras.<\/p>\n<p style=\"text-align: justify;\">Tecnologias disruptivas s\u00e3o uma amea\u00e7a constante, levando a margens mais apertadas e intensa competi\u00e7\u00e3o de pre\u00e7os, \u00e0 medida que os clientes buscam otimizar suas cadeias de valor. No entanto, o mercado \u00e9 altamente fragmentado, o que apresenta oportunidades de crescimento por meio de processos de M&amp;A e JV, especialmente considerando a import\u00e2ncia das economias de escala, e a experi\u00eancia do usu\u00e1rio final torna-se cada vez mais importante, levando os clientes a exigir personaliza\u00e7\u00f5es cada vez mais espec\u00edficas, como entregas ultra-expressas, integra\u00e7\u00e3o de canais, rastreamento de pedidos em tempo real, etc.<\/p>\n<p style=\"text-align: justify;\">Nossa experi\u00eancia global em ambos os lados da rela\u00e7\u00e3o da cadeia de suprimentos nos permite apoiar nossos clientes a navegar por seus desafios com uma abordagem perspicaz e personalizada. Entendemos a realidade e as necessidades dos clientes da cadeia de suprimentos atendidos pelos operadores log\u00edsticos e os fundamentos sobre os quais uma rela\u00e7\u00e3o produtiva deve ser constru\u00edda. Compreendemos que cada operador log\u00edstico tem um contexto e necessidades espec\u00edficas e trabalhamos com as equipes de nossos clientes para desenvolver solu\u00e7\u00f5es personalizadas que sejam as mais adequadas para suas respectivas ofertas de servi\u00e7o, estrutura, mercados-alvo e requisitos.<\/p>\n<p style=\"text-align: justify;\">[\/et_pb_text][\/et_pb_column][\/et_pb_row][\/et_pb_section][et_pb_section fb_built=&#8221;1&#8243; admin_label=&#8221;CTA Section&#8221; _builder_version=&#8221;4.24.3&#8243; background_color=&#8221;#f16334&#8243; use_background_color_gradient=&#8221;on&#8221; background_color_gradient_stops=&#8221;rgba(0,0,0,0.42) 1%|rgba(255,255,255,0) 99%&#8221; background_color_gradient_overlays_image=&#8221;on&#8221; background_color_gradient_start=&#8221;#f16334&#8243; background_color_gradient_end=&#8221;rgba(241,99,52,0.85)&#8221; background_image=&#8221;https:\/\/veracruzinternational.com.br\/wp-content\/uploads\/2024\/05\/logistics222.jpg&#8221; custom_padding=&#8221;152px||133px|||&#8221; global_colors_info=&#8221;{}&#8221;][et_pb_row admin_label=&#8221;CTA Area&#8221; _builder_version=&#8221;4.16&#8243; locked=&#8221;off&#8221; global_colors_info=&#8221;{}&#8221;][et_pb_column type=&#8221;4_4&#8243; _builder_version=&#8221;4.16&#8243; custom_padding=&#8221;|||&#8221; global_colors_info=&#8221;{}&#8221; custom_padding__hover=&#8221;|||&#8221;][et_pb_text _builder_version=&#8221;4.24.3&#8243; text_font=&#8221;Montserrat||||||||&#8221; text_font_size=&#8221;43px&#8221; text_line_height=&#8221;1.5em&#8221; text_orientation=&#8221;center&#8221; background_layout=&#8221;dark&#8221; module_alignment=&#8221;center&#8221; custom_padding=&#8221;||20px|&#8221; animation_style=&#8221;flip&#8221; animation_intensity_flip=&#8221;20%&#8221; animation_starting_opacity=&#8221;200%&#8221; text_text_shadow_style=&#8221;preset2&#8243; global_colors_info=&#8221;{}&#8221;]<\/p>\n<p>Entendemos a realidade e as necessidades dos clientes da cadeia de suprimentos e os fundamentos sobre os quais uma rela\u00e7\u00e3o produtiva deve ser constru\u00edda.<\/p>\n<p>[\/et_pb_text][et_pb_button button_url=&#8221;https:\/\/wa.me\/447794219606?text=Eu+gostaria+de+mais+informa\u00e7\u00f5es+por%20favor&#8221; button_text=&#8221;contate-nos!&#8221; button_alignment=&#8221;center&#8221; _builder_version=&#8221;4.24.3&#8243; custom_button=&#8221;on&#8221; button_text_size=&#8221;16px&#8221; button_text_color=&#8221;#FFFFFF&#8221; button_bg_color=&#8221;#7CDA24&#8243; button_border_width=&#8221;0px&#8221; button_letter_spacing=&#8221;2px&#8221; button_font=&#8221;Montserrat|600||on|||||&#8221; button_icon=&#8221;&#xf232;||fa||400&#8243; button_on_hover=&#8221;off&#8221; custom_margin=&#8221;|||&#8221; custom_padding=&#8221;12px||12px|&#8221; animation_style=&#8221;fade&#8221; hover_enabled=&#8221;0&#8243; button_letter_spacing_hover=&#8221;2px&#8221; global_colors_info=&#8221;{}&#8221; button_text_size__hover_enabled=&#8221;off&#8221; button_one_text_size__hover_enabled=&#8221;off&#8221; button_two_text_size__hover_enabled=&#8221;off&#8221; button_text_color__hover_enabled=&#8221;off&#8221; button_one_text_color__hover_enabled=&#8221;off&#8221; button_two_text_color__hover_enabled=&#8221;off&#8221; button_border_width__hover_enabled=&#8221;off&#8221; button_one_border_width__hover_enabled=&#8221;off&#8221; button_two_border_width__hover_enabled=&#8221;off&#8221; button_border_color__hover_enabled=&#8221;off&#8221; button_one_border_color__hover_enabled=&#8221;off&#8221; button_two_border_color__hover_enabled=&#8221;off&#8221; button_border_radius__hover_enabled=&#8221;off&#8221; button_one_border_radius__hover_enabled=&#8221;off&#8221; button_two_border_radius__hover_enabled=&#8221;off&#8221; button_letter_spacing__hover_enabled=&#8221;on&#8221; button_letter_spacing__hover=&#8221;2px&#8221; button_one_letter_spacing__hover_enabled=&#8221;off&#8221; button_two_letter_spacing__hover_enabled=&#8221;off&#8221; button_bg_color__hover_enabled=&#8221;off&#8221; button_one_bg_color__hover_enabled=&#8221;off&#8221; button_two_bg_color__hover_enabled=&#8221;off&#8221; sticky_enabled=&#8221;0&#8243;][\/et_pb_button][\/et_pb_column][\/et_pb_row][\/et_pb_section]<\/p>\n","protected":false},"excerpt":{"rendered":"<p>Log\u00edstica e Transporte \u00c0 medida que os consumidores exigem servi\u00e7os cada vez mais personalizados e \u00e9ticos, os operadores log\u00edsticos est\u00e3o sob maior press\u00e3o do que nunca para transformar seus neg\u00f3cios em resposta. Nos \u00faltimos anos, vimos que as exig\u00eancias de efici\u00eancia e as demandas complexas dos consumidores t\u00eam colocado uma press\u00e3o crescente nas cadeias de [&hellip;]<\/p>\n","protected":false},"author":1,"featured_media":0,"parent":0,"menu_order":0,"comment_status":"closed","ping_status":"closed","template":"","meta":{"_et_pb_use_builder":"on","_et_pb_old_content":"","_et_gb_content_width":"","footnotes":""},"class_list":["post-412","page","type-page","status-publish","hentry"],"_links":{"self":[{"href":"https:\/\/veracruzinternational.com.br\/pt\/wp-json\/wp\/v2\/pages\/412","targetHints":{"allow":["GET"]}}],"collection":[{"href":"https:\/\/veracruzinternational.com.br\/pt\/wp-json\/wp\/v2\/pages"}],"about":[{"href":"https:\/\/veracruzinternational.com.br\/pt\/wp-json\/wp\/v2\/types\/page"}],"author":[{"embeddable":true,"href":"https:\/\/veracruzinternational.com.br\/pt\/wp-json\/wp\/v2\/users\/1"}],"replies":[{"embeddable":true,"href":"https:\/\/veracruzinternational.com.br\/pt\/wp-json\/wp\/v2\/comments?post=412"}],"version-history":[{"count":6,"href":"https:\/\/veracruzinternational.com.br\/pt\/wp-json\/wp\/v2\/pages\/412\/revisions"}],"predecessor-version":[{"id":537,"href":"https:\/\/veracruzinternational.com.br\/pt\/wp-json\/wp\/v2\/pages\/412\/revisions\/537"}],"wp:attachment":[{"href":"https:\/\/veracruzinternational.com.br\/pt\/wp-json\/wp\/v2\/media?parent=412"}],"curies":[{"name":"wp","href":"https:\/\/api.w.org\/{rel}","templated":true}]}}