{"id":388,"date":"2024-05-20T13:10:24","date_gmt":"2024-05-20T16:10:24","guid":{"rendered":"https:\/\/veracruzinternational.com.br\/?page_id=388"},"modified":"2024-06-03T22:12:15","modified_gmt":"2024-06-04T01:12:15","slug":"renewable","status":"publish","type":"page","link":"https:\/\/veracruzinternational.com.br\/pt\/renewable\/","title":{"rendered":"Renewables"},"content":{"rendered":"<p>[et_pb_section fb_built=&#8221;1&#8243; next_background_color=&#8221;#f7f7f7&#8243; admin_label=&#8221;Hero Section&#8221; _builder_version=&#8221;4.24.3&#8243; use_background_color_gradient=&#8221;on&#8221; background_color_gradient_stops=&#8221;rgba(0,0,0,0.4) 0%|rgba(0,0,0,0.4) 100%&#8221; background_color_gradient_overlays_image=&#8221;on&#8221; background_color_gradient_start=&#8221;rgba(0,0,0,0.4)&#8221; background_color_gradient_end=&#8221;rgba(0,0,0,0.4)&#8221; background_image=&#8221;https:\/\/veracruzinternational.com.br\/wp-content\/uploads\/2024\/05\/investors.jpg&#8221; background_position=&#8221;center_right&#8221; custom_padding=&#8221;6%||6%|&#8221; bottom_divider_style=&#8221;slant&#8221; bottom_divider_height=&#8221;60px&#8221; global_colors_info=&#8221;{}&#8221; background_color_gradient_direction__hover=&#8221;180deg&#8221; background_color_gradient_direction__hover_enabled=&#8221;180deg&#8221; background_color_gradient_start_position__hover=&#8221;0%&#8221; background_color_gradient_start_position__hover_enabled=&#8221;0%&#8221; background_color_gradient_end_position__hover=&#8221;100%&#8221; background_color_gradient_end_position__hover_enabled=&#8221;100%&#8221; background_color_gradient_stops__hover=&#8221;rgba(0,0,0,0.4) 0%|rgba(0,0,0,0.4) 100%&#8221;][et_pb_row admin_label=&#8221;Page Title Area&#8221; _builder_version=&#8221;4.16&#8243; background_size=&#8221;initial&#8221; background_position=&#8221;top_left&#8221; background_repeat=&#8221;repeat&#8221; global_colors_info=&#8221;{}&#8221;][et_pb_column type=&#8221;4_4&#8243; _builder_version=&#8221;4.16&#8243; custom_padding=&#8221;|||&#8221; global_colors_info=&#8221;{}&#8221; custom_padding__hover=&#8221;|||&#8221;][et_pb_text admin_label=&#8221;Hero Section Title&#8221; _builder_version=&#8221;4.24.3&#8243; text_font=&#8221;Montserrat||||||||&#8221; text_font_size=&#8221;18px&#8221; text_line_height=&#8221;1.8em&#8221; header_font=&#8221;Montserrat|600||on|||||&#8221; header_font_size=&#8221;48px&#8221; header_letter_spacing=&#8221;3px&#8221; header_line_height=&#8221;1.3em&#8221; header_2_font=&#8221;Montserrat|700|||||||&#8221; header_2_text_color=&#8221;rgba(255,255,255,0.6)&#8221; header_2_font_size=&#8221;90px&#8221; header_2_letter_spacing=&#8221;3px&#8221; header_2_line_height=&#8221;1.1em&#8221; text_orientation=&#8221;center&#8221; background_layout=&#8221;dark&#8221; max_width=&#8221;700px&#8221; module_alignment=&#8221;center&#8221; custom_margin=&#8221;|||&#8221; animation_style=&#8221;fade&#8221; animation_direction=&#8221;bottom&#8221; header_font_size_tablet=&#8221;&#8221; header_font_size_phone=&#8221;28px&#8221; header_font_size_last_edited=&#8221;on|phone&#8221; header_2_font_size_tablet=&#8221;&#8221; header_2_font_size_phone=&#8221;50px&#8221; header_2_font_size_last_edited=&#8221;on|phone&#8221; text_text_shadow_style=&#8221;preset1&#8243; global_colors_info=&#8221;{}&#8221;]<\/p>\n<div class=\"et_pb_module et_pb_text et_pb_text_4 et_pb_text_align_left et_pb_bg_layout_light et_had_animation\">\n<div class=\"et_pb_text_inner\">\n<h1 style=\"text-align: center;\">Energias Renov\u00e1veis<\/h1>\n<\/div>\n<\/div>\n<p>[\/et_pb_text][\/et_pb_column][\/et_pb_row][\/et_pb_section][et_pb_section fb_built=&#8221;1&#8243; admin_label=&#8221;About Section&#8221; _builder_version=&#8221;4.16&#8243; background_color=&#8221;#f7f7f7&#8243; custom_padding=&#8221;90px||90px|&#8221; global_colors_info=&#8221;{}&#8221;][et_pb_row column_structure=&#8221;1_2,1_2&#8243; admin_label=&#8221;Section Title&#8221; _builder_version=&#8221;4.16&#8243; width=&#8221;83.7%&#8221; custom_margin=&#8221;|||&#8221; custom_padding=&#8221;27px|0px|2px|0px||&#8221; locked=&#8221;off&#8221; global_colors_info=&#8221;{}&#8221;][et_pb_column type=&#8221;1_2&#8243; _builder_version=&#8221;4.16&#8243; custom_padding=&#8221;|||&#8221; global_colors_info=&#8221;{}&#8221; custom_padding__hover=&#8221;|||&#8221;][et_pb_text admin_label=&#8221;Title&#8221; _builder_version=&#8221;4.24.3&#8243; text_font=&#8221;Montserrat|300|||||||&#8221; text_text_color=&#8221;#444444&#8243; text_font_size=&#8221;16px&#8221; text_line_height=&#8221;1.8em&#8221; link_font=&#8221;||||on|||#f46624|&#8221; link_text_color=&#8221;#333333&#8243; header_font=&#8221;||||||||&#8221; header_2_font=&#8221;Montserrat|600||on|||||&#8221; header_2_text_align=&#8221;center&#8221; header_2_font_size=&#8221;30px&#8221; text_orientation=&#8221;center&#8221; max_width=&#8221;1147px&#8221; module_alignment=&#8221;center&#8221; custom_margin=&#8221;||-1px|||&#8221; animation_style=&#8221;slide&#8221; animation_direction=&#8221;top&#8221; animation_intensity_slide=&#8221;20%&#8221; animation_starting_opacity=&#8221;100%&#8221; global_colors_info=&#8221;{}&#8221;]<\/p>\n<p style=\"text-align: justify;\">A energia renov\u00e1vel \u00e9 a chave para reduzir as emiss\u00f5es globais de gases de efeito estufa e enfrentar um dos maiores desafios da humanidade.<\/p>\n<p style=\"text-align: justify;\">Cerca de 90% da capacidade renov\u00e1vel necess\u00e1ria para atingir as metas de emiss\u00e3o zero at\u00e9 2050 ainda precisa ser constru\u00edda, e a capacidade instalada de renov\u00e1veis no mundo precisar\u00e1 crescer dez vezes at\u00e9 2050, exigindo mais de $25 trilh\u00f5es em investimentos.<\/p>\n<p style=\"text-align: justify;\">O ritmo acelerado da expans\u00e3o da oferta nos mercados de gera\u00e7\u00e3o de energia fotovoltaica (solar) e e\u00f3lica, o desenvolvimento de sistemas alternativos de armazenamento de energia cred\u00edveis e a promessa do setor de hidrog\u00eanio verde t\u00eam proporcionado muitos desafios e riscos que variam entre mercados e tecnologias.<\/p>\n<p>[\/et_pb_text][\/et_pb_column][et_pb_column type=&#8221;1_2&#8243; _builder_version=&#8221;4.16&#8243; custom_padding=&#8221;|||&#8221; global_colors_info=&#8221;{}&#8221; custom_padding__hover=&#8221;|||&#8221;][et_pb_image src=&#8221;https:\/\/veracruzinternational.com.br\/wp-content\/uploads\/2024\/05\/RENEWABLES-1.jpg&#8221; title_text=&#8221;RENEWABLES&#8221; align=&#8221;center&#8221; _builder_version=&#8221;4.24.3&#8243; _module_preset=&#8221;default&#8221; global_colors_info=&#8221;{}&#8221;][\/et_pb_image][\/et_pb_column][\/et_pb_row][et_pb_row _builder_version=&#8221;4.24.3&#8243; _module_preset=&#8221;default&#8221; custom_padding=&#8221;8px|||||&#8221; global_colors_info=&#8221;{}&#8221;][et_pb_column type=&#8221;4_4&#8243; _builder_version=&#8221;4.24.3&#8243; _module_preset=&#8221;default&#8221; global_colors_info=&#8221;{}&#8221;][et_pb_text admin_label=&#8221;Title&#8221; _builder_version=&#8221;4.24.3&#8243; text_font=&#8221;Montserrat|300|||||||&#8221; text_text_color=&#8221;#444444&#8243; text_font_size=&#8221;16px&#8221; text_line_height=&#8221;1.8em&#8221; link_font=&#8221;||||on|||#f46624|&#8221; link_text_color=&#8221;#333333&#8243; header_font=&#8221;||||||||&#8221; header_2_font=&#8221;Montserrat|600||on|||||&#8221; header_2_text_align=&#8221;center&#8221; header_2_font_size=&#8221;30px&#8221; text_orientation=&#8221;center&#8221; max_width=&#8221;1147px&#8221; module_alignment=&#8221;center&#8221; custom_margin=&#8221;-1px||40px|||&#8221; animation_style=&#8221;slide&#8221; animation_direction=&#8221;top&#8221; animation_intensity_slide=&#8221;20%&#8221; animation_starting_opacity=&#8221;100%&#8221; global_colors_info=&#8221;{}&#8221;]<\/p>\n<p style=\"text-align: justify;\">A Vera Cruz International pode oferecer suporte para empresas que buscam acessar o Brasil e para empresas brasileiras que desejam exportar sua tecnologia para a Europa, tanto no setor privado quanto no setor p\u00fablico, desde l\u00edderes de mercado e ag\u00eancias governamentais at\u00e9 novos entrantes e startups de tecnologia.<\/p>\n<p style=\"text-align: justify;\">A Vera Cruz International trabalha de forma colaborativa com os clientes para encontrar solu\u00e7\u00f5es poderosas e criativas. Estrat\u00e9gias que reduzem riscos, agregam valor e permitem que as organiza\u00e7\u00f5es prosperem, pois entendemos os desafios particulares da energia renov\u00e1vel e possu\u00edmos as habilidades avan\u00e7adas para resolv\u00ea-los. Em qualquer est\u00e1gio durante o desenvolvimento, constru\u00e7\u00e3o ou opera\u00e7\u00e3o, trabalhamos com os clientes para encontrar solu\u00e7\u00f5es econ\u00f4micas que maximizem o valor do projeto ao longo de sua vida \u00fatil.<\/p>\n<p style=\"text-align: justify;\">Podemos fornecer insights que fazem sentido da quantidade crescente de dados da ind\u00fastria no setor de energia renov\u00e1vel em r\u00e1pida expans\u00e3o. Podemos acompanhar o desenvolvimento de projetos em todas as etapas do pipeline de desenvolvimento. Combinamos nossa expertise em energia renov\u00e1vel com as melhores pr\u00e1ticas internacionais e o entendimento local das regulamenta\u00e7\u00f5es para ajudar nossos clientes a implementar solu\u00e7\u00f5es de energia renov\u00e1vel l\u00edderes com rapidez. Esse conhecimento e expertise s\u00e3o aproveitados com ferramentas digitais propriet\u00e1rias de ponta e fluxos de trabalho comprovados para fornecer solu\u00e7\u00f5es integradas de ESG, desenvolvimento de projetos e consultoria t\u00e9cnica em escala global.<\/p>\n<p style=\"text-align: justify;\">Cobrimos as tecnologias que possibilitar\u00e3o a transi\u00e7\u00e3o energ\u00e9tica. O ritmo acelerado da expans\u00e3o da oferta nos mercados de gera\u00e7\u00e3o de energia fotovoltaica (solar) e e\u00f3lica, o desenvolvimento de sistemas alternativos de armazenamento de energia cred\u00edveis e a promessa do setor de hidrog\u00eanio verde t\u00eam proporcionado ao mundo in\u00fameros desafios quanto ao desenvolvimento futuro dos neg\u00f3cios. Em meio a essas complexidades, a Vera Cruz International pode proporcionar clareza e dire\u00e7\u00e3o.<\/p>\n<p style=\"text-align: justify;\">Podemos oferecer uma compreens\u00e3o abrangente da oferta global, tecnologia, pre\u00e7os e pol\u00edticas para os setores de solar, e\u00f3lica, armazenamento de energia e hidrog\u00eanio verde. Tamb\u00e9m podemos fornecer conhecimentos e insights inestim\u00e1veis sobre o funcionamento interno da ind\u00fastria em um mercado que voc\u00ea pode n\u00e3o estar familiarizado.<\/p>\n<p style=\"text-align: justify;\">Nosso servi\u00e7o garantir\u00e1 que voc\u00ea n\u00e3o apenas acompanhe as mudan\u00e7as, mas esteja estrategicamente posicionado para capitaliz\u00e1-las com relat\u00f3rios que fornecem um conhecimento e insight incompar\u00e1veis, ajudando voc\u00ea a navegar pelos desafios e aproveitar as oportunidades na transi\u00e7\u00e3o energ\u00e9tica. Nossos servi\u00e7os de consultoria personalizados s\u00e3o projetados para capacit\u00e1-lo em seus empreendimentos estrat\u00e9gicos mais cr\u00edticos. Oferecemos suporte decis\u00f3rio de alto n\u00edvel, adaptado \u00e0s suas necessidades espec\u00edficas, com projetos focados personalizados de acordo com suas especifica\u00e7\u00f5es. Aproveitando nosso extenso conhecimento e insights, apoiamos voc\u00ea na tomada de decis\u00f5es estrat\u00e9gicas informadas que impulsionam seu sucesso.<\/p>\n<p style=\"text-align: justify;\">[\/et_pb_text][\/et_pb_column][\/et_pb_row][\/et_pb_section][et_pb_section fb_built=&#8221;1&#8243; admin_label=&#8221;CTA Section&#8221; _builder_version=&#8221;4.24.3&#8243; background_color=&#8221;#f16334&#8243; use_background_color_gradient=&#8221;on&#8221; background_color_gradient_stops=&#8221;rgba(0,0,0,0.69) 1%|rgba(124,218,36,0) 99%&#8221; background_color_gradient_overlays_image=&#8221;on&#8221; background_color_gradient_start=&#8221;#f16334&#8243; background_color_gradient_end=&#8221;rgba(241,99,52,0.85)&#8221; background_image=&#8221;https:\/\/veracruzinternational.com.br\/wp-content\/uploads\/2024\/05\/RENEWABLES-2-1.jpg&#8221; custom_padding=&#8221;152px||133px|||&#8221; global_colors_info=&#8221;{}&#8221;][et_pb_row admin_label=&#8221;CTA Area&#8221; _builder_version=&#8221;4.16&#8243; locked=&#8221;off&#8221; global_colors_info=&#8221;{}&#8221;][et_pb_column type=&#8221;4_4&#8243; _builder_version=&#8221;4.16&#8243; custom_padding=&#8221;|||&#8221; global_colors_info=&#8221;{}&#8221; custom_padding__hover=&#8221;|||&#8221;][et_pb_text _builder_version=&#8221;4.24.3&#8243; text_font=&#8221;Montserrat||||||||&#8221; text_font_size=&#8221;45px&#8221; text_line_height=&#8221;1.5em&#8221; text_orientation=&#8221;center&#8221; background_layout=&#8221;dark&#8221; module_alignment=&#8221;center&#8221; custom_padding=&#8221;||20px|&#8221; animation_style=&#8221;flip&#8221; animation_intensity_flip=&#8221;20%&#8221; animation_starting_opacity=&#8221;200%&#8221; text_text_shadow_style=&#8221;preset2&#8243; text_text_shadow_color=&#8221;rgba(0,0,0,0.8)&#8221; global_colors_info=&#8221;{}&#8221;]<\/p>\n<p>A Vera Cruz pode oferecer suporte para empresas que buscam acessar o Brasil e para empresas brasileiras que desejam exportar sua tecnologia para a Europa.<\/p>\n<p>[\/et_pb_text][et_pb_button button_url=&#8221;https:\/\/wa.me\/447794219606?text=Eu+gostaria+de+mais+informa\u00e7\u00f5es+por%20favor&#8221; button_text=&#8221;contate-nos!&#8221; button_alignment=&#8221;center&#8221; _builder_version=&#8221;4.24.3&#8243; custom_button=&#8221;on&#8221; button_text_size=&#8221;16px&#8221; button_text_color=&#8221;#FFFFFF&#8221; button_bg_color=&#8221;#7CDA24&#8243; button_border_width=&#8221;0px&#8221; button_letter_spacing=&#8221;2px&#8221; button_font=&#8221;Montserrat|600||on|||||&#8221; button_icon=&#8221;&#xf232;||fa||400&#8243; button_on_hover=&#8221;off&#8221; custom_margin=&#8221;|||&#8221; custom_padding=&#8221;12px||12px|&#8221; animation_style=&#8221;fade&#8221; hover_enabled=&#8221;0&#8243; button_letter_spacing_hover=&#8221;2px&#8221; global_colors_info=&#8221;{}&#8221; button_text_size__hover_enabled=&#8221;off&#8221; button_one_text_size__hover_enabled=&#8221;off&#8221; button_two_text_size__hover_enabled=&#8221;off&#8221; button_text_color__hover_enabled=&#8221;off&#8221; button_one_text_color__hover_enabled=&#8221;off&#8221; button_two_text_color__hover_enabled=&#8221;off&#8221; button_border_width__hover_enabled=&#8221;off&#8221; button_one_border_width__hover_enabled=&#8221;off&#8221; button_two_border_width__hover_enabled=&#8221;off&#8221; button_border_color__hover_enabled=&#8221;off&#8221; button_one_border_color__hover_enabled=&#8221;off&#8221; button_two_border_color__hover_enabled=&#8221;off&#8221; button_border_radius__hover_enabled=&#8221;off&#8221; button_one_border_radius__hover_enabled=&#8221;off&#8221; button_two_border_radius__hover_enabled=&#8221;off&#8221; button_letter_spacing__hover_enabled=&#8221;on&#8221; button_letter_spacing__hover=&#8221;2px&#8221; button_one_letter_spacing__hover_enabled=&#8221;off&#8221; button_two_letter_spacing__hover_enabled=&#8221;off&#8221; button_bg_color__hover_enabled=&#8221;off&#8221; button_one_bg_color__hover_enabled=&#8221;off&#8221; button_two_bg_color__hover_enabled=&#8221;off&#8221; sticky_enabled=&#8221;0&#8243;][\/et_pb_button][\/et_pb_column][\/et_pb_row][\/et_pb_section]<\/p>\n","protected":false},"excerpt":{"rendered":"<p>Energias Renov\u00e1veis A energia renov\u00e1vel \u00e9 a chave para reduzir as emiss\u00f5es globais de gases de efeito estufa e enfrentar um dos maiores desafios da humanidade. Cerca de 90% da capacidade renov\u00e1vel necess\u00e1ria para atingir as metas de emiss\u00e3o zero at\u00e9 2050 ainda precisa ser constru\u00edda, e a capacidade instalada de renov\u00e1veis no mundo precisar\u00e1 [&hellip;]<\/p>\n","protected":false},"author":1,"featured_media":0,"parent":0,"menu_order":0,"comment_status":"closed","ping_status":"closed","template":"","meta":{"_et_pb_use_builder":"on","_et_pb_old_content":"","_et_gb_content_width":"","footnotes":""},"class_list":["post-388","page","type-page","status-publish","hentry"],"_links":{"self":[{"href":"https:\/\/veracruzinternational.com.br\/pt\/wp-json\/wp\/v2\/pages\/388","targetHints":{"allow":["GET"]}}],"collection":[{"href":"https:\/\/veracruzinternational.com.br\/pt\/wp-json\/wp\/v2\/pages"}],"about":[{"href":"https:\/\/veracruzinternational.com.br\/pt\/wp-json\/wp\/v2\/types\/page"}],"author":[{"embeddable":true,"href":"https:\/\/veracruzinternational.com.br\/pt\/wp-json\/wp\/v2\/users\/1"}],"replies":[{"embeddable":true,"href":"https:\/\/veracruzinternational.com.br\/pt\/wp-json\/wp\/v2\/comments?post=388"}],"version-history":[{"count":12,"href":"https:\/\/veracruzinternational.com.br\/pt\/wp-json\/wp\/v2\/pages\/388\/revisions"}],"predecessor-version":[{"id":536,"href":"https:\/\/veracruzinternational.com.br\/pt\/wp-json\/wp\/v2\/pages\/388\/revisions\/536"}],"wp:attachment":[{"href":"https:\/\/veracruzinternational.com.br\/pt\/wp-json\/wp\/v2\/media?parent=388"}],"curies":[{"name":"wp","href":"https:\/\/api.w.org\/{rel}","templated":true}]}}