{"id":240,"date":"2024-05-02T16:32:03","date_gmt":"2024-05-02T19:32:03","guid":{"rendered":"https:\/\/veracruzinternational.com.br\/?page_id=240"},"modified":"2024-06-03T22:10:32","modified_gmt":"2024-06-04T01:10:32","slug":"sustainability","status":"publish","type":"page","link":"https:\/\/veracruzinternational.com.br\/pt\/sustainability\/","title":{"rendered":"Sustainability and the Governance Framework"},"content":{"rendered":"<p>[et_pb_section fb_built=&#8221;1&#8243; next_background_color=&#8221;#f7f7f7&#8243; admin_label=&#8221;Hero Section&#8221; _builder_version=&#8221;4.24.3&#8243; use_background_color_gradient=&#8221;on&#8221; background_color_gradient_stops=&#8221;rgba(0,0,0,0.4) 0%|rgba(0,0,0,0.4) 100%&#8221; background_color_gradient_overlays_image=&#8221;on&#8221; background_color_gradient_start=&#8221;rgba(0,0,0,0.4)&#8221; background_color_gradient_end=&#8221;rgba(0,0,0,0.4)&#8221; background_image=&#8221;https:\/\/veracruzinternational.com.br\/wp-content\/uploads\/2024\/05\/investors.jpg&#8221; background_position=&#8221;center_right&#8221; custom_padding=&#8221;6%||6%|&#8221; bottom_divider_style=&#8221;slant&#8221; bottom_divider_height=&#8221;60px&#8221; global_colors_info=&#8221;{}&#8221; background_color_gradient_direction__hover=&#8221;180deg&#8221; background_color_gradient_direction__hover_enabled=&#8221;180deg&#8221; background_color_gradient_start_position__hover=&#8221;0%&#8221; background_color_gradient_start_position__hover_enabled=&#8221;0%&#8221; background_color_gradient_end_position__hover=&#8221;100%&#8221; background_color_gradient_end_position__hover_enabled=&#8221;100%&#8221; background_color_gradient_stops__hover=&#8221;rgba(0,0,0,0.4) 0%|rgba(0,0,0,0.4) 100%&#8221;][et_pb_row admin_label=&#8221;Page Title Area&#8221; _builder_version=&#8221;4.16&#8243; background_size=&#8221;initial&#8221; background_position=&#8221;top_left&#8221; background_repeat=&#8221;repeat&#8221; global_colors_info=&#8221;{}&#8221;][et_pb_column type=&#8221;4_4&#8243; _builder_version=&#8221;4.16&#8243; custom_padding=&#8221;|||&#8221; global_colors_info=&#8221;{}&#8221; custom_padding__hover=&#8221;|||&#8221;][et_pb_text admin_label=&#8221;Hero Section Title&#8221; _builder_version=&#8221;4.24.3&#8243; text_font=&#8221;Montserrat||||||||&#8221; text_font_size=&#8221;42px&#8221; text_line_height=&#8221;1.8em&#8221; header_font=&#8221;Montserrat|600||on|||||&#8221; header_font_size=&#8221;48px&#8221; header_letter_spacing=&#8221;3px&#8221; header_line_height=&#8221;1.3em&#8221; header_2_font=&#8221;Montserrat|700|||||||&#8221; header_2_text_color=&#8221;rgba(255,255,255,0.6)&#8221; header_2_font_size=&#8221;90px&#8221; header_2_letter_spacing=&#8221;3px&#8221; header_2_line_height=&#8221;1.1em&#8221; text_orientation=&#8221;center&#8221; background_layout=&#8221;dark&#8221; max_width=&#8221;700px&#8221; module_alignment=&#8221;center&#8221; custom_margin=&#8221;|||&#8221; animation_style=&#8221;fade&#8221; animation_direction=&#8221;bottom&#8221; header_font_size_tablet=&#8221;&#8221; header_font_size_phone=&#8221;28px&#8221; header_font_size_last_edited=&#8221;on|phone&#8221; header_2_font_size_tablet=&#8221;&#8221; header_2_font_size_phone=&#8221;50px&#8221; header_2_font_size_last_edited=&#8221;on|phone&#8221; text_text_shadow_style=&#8221;preset1&#8243; global_colors_info=&#8221;{}&#8221;]<\/p>\n<div class=\"et_pb_module et_pb_text et_pb_text_4 et_pb_text_align_left et_pb_bg_layout_light et_had_animation\">\n<div class=\"et_pb_text_inner\">\n<p style=\"text-align: center;\">SUSTENTABILIDADE E O FRAMEWORK DE GOVERNAN\u00c7A<\/p>\n<\/div>\n<\/div>\n<div class=\"et_pb_module et_pb_text et_pb_text_5 et_pb_text_align_left et_pb_bg_layout_light et_had_animation\"><\/div>\n<p>[\/et_pb_text][\/et_pb_column][\/et_pb_row][\/et_pb_section][et_pb_section fb_built=&#8221;1&#8243; admin_label=&#8221;About Section&#8221; _builder_version=&#8221;4.16&#8243; background_color=&#8221;#f7f7f7&#8243; custom_padding=&#8221;90px||90px|&#8221; global_colors_info=&#8221;{}&#8221;][et_pb_row column_structure=&#8221;1_2,1_2&#8243; admin_label=&#8221;Section Title&#8221; _builder_version=&#8221;4.16&#8243; width=&#8221;83.7%&#8221; custom_margin=&#8221;|||&#8221; custom_padding=&#8221;27px|0px|19px|0px||&#8221; locked=&#8221;off&#8221; global_colors_info=&#8221;{}&#8221;][et_pb_column type=&#8221;1_2&#8243; _builder_version=&#8221;4.16&#8243; custom_padding=&#8221;|||&#8221; global_colors_info=&#8221;{}&#8221; custom_padding__hover=&#8221;|||&#8221;][et_pb_text admin_label=&#8221;Title&#8221; _builder_version=&#8221;4.24.3&#8243; text_font=&#8221;Montserrat|300|||||||&#8221; text_text_color=&#8221;#444444&#8243; text_font_size=&#8221;16px&#8221; text_line_height=&#8221;1.8em&#8221; link_font=&#8221;||||on|||#f46624|&#8221; link_text_color=&#8221;#333333&#8243; header_font=&#8221;||||||||&#8221; header_2_font=&#8221;Montserrat|600||on|||||&#8221; header_2_text_align=&#8221;center&#8221; header_2_font_size=&#8221;30px&#8221; text_orientation=&#8221;center&#8221; max_width=&#8221;1147px&#8221; module_alignment=&#8221;center&#8221; custom_margin=&#8221;||-1px|||&#8221; animation_style=&#8221;slide&#8221; animation_direction=&#8221;top&#8221; animation_intensity_slide=&#8221;20%&#8221; animation_starting_opacity=&#8221;100%&#8221; global_colors_info=&#8221;{}&#8221;]<\/p>\n<p style=\"text-align: justify;\">Estrategistas de neg\u00f3cios e l\u00edderes corporativos enfrentam uma era \u00fanica em que o cen\u00e1rio empresarial est\u00e1 sendo disruptado pela transforma\u00e7\u00e3o digital radical e novos modelos de neg\u00f3cios se sobrep\u00f5em a uma importante mudan\u00e7a geracional em consumidores e funcion\u00e1rios.<\/p>\n<p style=\"text-align: justify;\">Para garantir que o modelo de neg\u00f3cios seja sustent\u00e1vel, defendemos revis\u00f5es regulares da estrutura empresarial, processos, governan\u00e7a e pessoas de maneira coordenada. Isso ajudar\u00e1 a sustentar a estrat\u00e9gia organizacional ao longo dos ciclos de neg\u00f3cios e a melhorar a velocidade e a qualidade da tomada de decis\u00f5es.<\/p>\n<p style=\"text-align: justify;\">Para prosperar em tempos de mudan\u00e7a, as organiza\u00e7\u00f5es precisam evoluir continuamente seu modelo de neg\u00f3cios e estrat\u00e9gias. Isso pode ser feito atrav\u00e9s do desenvolvimento de novos produtos\/servi\u00e7os, expans\u00e3o para novas geografias ou integra\u00e7\u00e3o de novas tecnologias.<\/p>\n<p>[\/et_pb_text][\/et_pb_column][et_pb_column type=&#8221;1_2&#8243; _builder_version=&#8221;4.16&#8243; custom_padding=&#8221;|||&#8221; global_colors_info=&#8221;{}&#8221; custom_padding__hover=&#8221;|||&#8221;][et_pb_image src=&#8221;https:\/\/veracruzinternational.com.br\/wp-content\/uploads\/2024\/04\/susten.jpg&#8221; title_text=&#8221;susten&#8221; align=&#8221;center&#8221; _builder_version=&#8221;4.24.3&#8243; _module_preset=&#8221;default&#8221; global_colors_info=&#8221;{}&#8221;][\/et_pb_image][\/et_pb_column][\/et_pb_row][et_pb_row _builder_version=&#8221;4.24.3&#8243; _module_preset=&#8221;default&#8221; custom_padding=&#8221;8px|||||&#8221; global_colors_info=&#8221;{}&#8221;][et_pb_column type=&#8221;4_4&#8243; _builder_version=&#8221;4.24.3&#8243; _module_preset=&#8221;default&#8221; global_colors_info=&#8221;{}&#8221;][et_pb_text admin_label=&#8221;Title&#8221; _builder_version=&#8221;4.24.3&#8243; text_font=&#8221;Montserrat|300|||||||&#8221; text_text_color=&#8221;#444444&#8243; text_font_size=&#8221;16px&#8221; text_line_height=&#8221;1.8em&#8221; link_font=&#8221;||||on|||#f46624|&#8221; link_text_color=&#8221;#333333&#8243; header_font=&#8221;||||||||&#8221; header_2_font=&#8221;Montserrat|600||on|||||&#8221; header_2_text_align=&#8221;center&#8221; header_2_font_size=&#8221;30px&#8221; text_orientation=&#8221;center&#8221; max_width=&#8221;1147px&#8221; module_alignment=&#8221;center&#8221; custom_margin=&#8221;-1px||40px|||&#8221; animation_style=&#8221;slide&#8221; animation_direction=&#8221;top&#8221; animation_intensity_slide=&#8221;20%&#8221; animation_starting_opacity=&#8221;100%&#8221; global_colors_info=&#8221;{}&#8221;]<\/p>\n<p style=\"text-align: justify;\">Na transi\u00e7\u00e3o para esses novos modelos e estrat\u00e9gias, as antigas formas de trabalho podem n\u00e3o funcionar mais. Na verdade, elas podem atrapalhar o progresso e gerar inefici\u00eancias.<\/p>\n<p style=\"text-align: justify;\">A Vera Cruz acredita que o design organizacional e o modelo de governan\u00e7a s\u00e3o aspectos fundamentais para apoiar a estrat\u00e9gia de neg\u00f3cios e a cultura da empresa, e eles devem evoluir e ser revisados sempre que houver uma mudan\u00e7a nos neg\u00f3cios.<\/p>\n<p style=\"text-align: justify;\">Dependendo do tamanho da mudan\u00e7a, a revis\u00e3o do design organizacional pode ser necess\u00e1ria em toda a organiza\u00e7\u00e3o ou em unidades de neg\u00f3cios e\/ou \u00e1reas espec\u00edficas.<\/p>\n<p style=\"text-align: justify;\">Ajudamos as organiza\u00e7\u00f5es a estabelecer um modelo organizacional que possibilite os objetivos estrat\u00e9gicos do neg\u00f3cio, reduzindo o atrito interno e melhorando a produtividade.<\/p>\n<ul style=\"text-align: justify;\">\n<li>Maior alinhamento entre stakeholders, estrutura, processos e governan\u00e7a, aumentando a probabilidade de entrega dos resultados planejados\/desejados.<\/li>\n<li>Um modelo de tomada de decis\u00e3o claro e eficiente<\/li>\n<li>Melhorias nos custos diretos e indiretos<\/li>\n<li>Capacidade de alavancar estruturas h\u00edbridas, mesclando estruturas fixas\/tradicionais com estruturas mais flex\u00edveis\/\u00e1geis<\/li>\n<li>Clareza das compet\u00eancias necess\u00e1rias para apoiar a estrat\u00e9gia<\/li>\n<li>Redu\u00e7\u00e3o da resist\u00eancia durante a transi\u00e7\u00e3o do modelo organizacional atrav\u00e9s de comunica\u00e7\u00e3o clara e planejamento detalhado de transi\u00e7\u00e3o<\/li>\n<\/ul>\n<p style=\"text-align: justify;\">[\/et_pb_text][\/et_pb_column][\/et_pb_row][\/et_pb_section][et_pb_section fb_built=&#8221;1&#8243; admin_label=&#8221;CTA Section&#8221; _builder_version=&#8221;4.24.3&#8243; background_color=&#8221;#f16334&#8243; use_background_color_gradient=&#8221;on&#8221; background_color_gradient_stops=&#8221;rgba(0,0,0,0.42) 1%|rgba(124,218,36,0.15) 99%&#8221; background_color_gradient_overlays_image=&#8221;on&#8221; background_color_gradient_start=&#8221;#f16334&#8243; background_color_gradient_end=&#8221;rgba(241,99,52,0.85)&#8221; background_image=&#8221;https:\/\/veracruzinternational.com.br\/wp-content\/uploads\/2024\/05\/img2.jpg&#8221; custom_padding=&#8221;152px||133px|||&#8221; global_colors_info=&#8221;{}&#8221;][et_pb_row admin_label=&#8221;CTA Area&#8221; _builder_version=&#8221;4.16&#8243; locked=&#8221;off&#8221; global_colors_info=&#8221;{}&#8221;][et_pb_column type=&#8221;4_4&#8243; _builder_version=&#8221;4.16&#8243; custom_padding=&#8221;|||&#8221; global_colors_info=&#8221;{}&#8221; custom_padding__hover=&#8221;|||&#8221;][et_pb_text _builder_version=&#8221;4.24.3&#8243; text_font=&#8221;Montserrat||||||||&#8221; text_font_size=&#8221;34px&#8221; text_line_height=&#8221;1.5em&#8221; text_orientation=&#8221;center&#8221; background_layout=&#8221;dark&#8221; module_alignment=&#8221;center&#8221; custom_padding=&#8221;||20px|&#8221; animation_style=&#8221;flip&#8221; animation_intensity_flip=&#8221;20%&#8221; animation_starting_opacity=&#8221;200%&#8221; text_text_shadow_style=&#8221;preset2&#8243; global_colors_info=&#8221;{}&#8221;]<\/p>\n<p>Quando processos ineficientes s\u00e3o reconhecidos como um fator que inibe o crescimento, as organiza\u00e7\u00f5es precisam repensar a forma como as coisas s\u00e3o feitas.<\/p>\n<p>[\/et_pb_text][et_pb_button button_url=&#8221;https:\/\/wa.me\/447794219606?text=Eu+gostaria+de+mais+informa\u00e7\u00f5es+por%20favor&#8221; button_text=&#8221;contate-nos!&#8221; button_alignment=&#8221;center&#8221; _builder_version=&#8221;4.24.3&#8243; custom_button=&#8221;on&#8221; button_text_size=&#8221;16px&#8221; button_text_color=&#8221;#FFFFFF&#8221; button_bg_color=&#8221;#7CDA24&#8243; button_border_width=&#8221;0px&#8221; button_letter_spacing=&#8221;2px&#8221; button_font=&#8221;Montserrat|600||on|||||&#8221; button_icon=&#8221;&#xf232;||fa||400&#8243; button_on_hover=&#8221;off&#8221; custom_margin=&#8221;|||&#8221; custom_padding=&#8221;12px||12px|&#8221; animation_style=&#8221;fade&#8221; hover_enabled=&#8221;0&#8243; button_letter_spacing_hover=&#8221;2px&#8221; global_colors_info=&#8221;{}&#8221; button_text_size__hover_enabled=&#8221;off&#8221; button_one_text_size__hover_enabled=&#8221;off&#8221; button_two_text_size__hover_enabled=&#8221;off&#8221; button_text_color__hover_enabled=&#8221;off&#8221; button_one_text_color__hover_enabled=&#8221;off&#8221; button_two_text_color__hover_enabled=&#8221;off&#8221; button_border_width__hover_enabled=&#8221;off&#8221; button_one_border_width__hover_enabled=&#8221;off&#8221; button_two_border_width__hover_enabled=&#8221;off&#8221; button_border_color__hover_enabled=&#8221;off&#8221; button_one_border_color__hover_enabled=&#8221;off&#8221; button_two_border_color__hover_enabled=&#8221;off&#8221; button_border_radius__hover_enabled=&#8221;off&#8221; button_one_border_radius__hover_enabled=&#8221;off&#8221; button_two_border_radius__hover_enabled=&#8221;off&#8221; button_letter_spacing__hover_enabled=&#8221;on&#8221; button_letter_spacing__hover=&#8221;2px&#8221; button_one_letter_spacing__hover_enabled=&#8221;off&#8221; button_two_letter_spacing__hover_enabled=&#8221;off&#8221; button_bg_color__hover_enabled=&#8221;off&#8221; button_one_bg_color__hover_enabled=&#8221;off&#8221; button_two_bg_color__hover_enabled=&#8221;off&#8221; sticky_enabled=&#8221;0&#8243;][\/et_pb_button][\/et_pb_column][\/et_pb_row][\/et_pb_section]<\/p>\n","protected":false},"excerpt":{"rendered":"<p>SUSTENTABILIDADE E O FRAMEWORK DE GOVERNAN\u00c7A Estrategistas de neg\u00f3cios e l\u00edderes corporativos enfrentam uma era \u00fanica em que o cen\u00e1rio empresarial est\u00e1 sendo disruptado pela transforma\u00e7\u00e3o digital radical e novos modelos de neg\u00f3cios se sobrep\u00f5em a uma importante mudan\u00e7a geracional em consumidores e funcion\u00e1rios. Para garantir que o modelo de neg\u00f3cios seja sustent\u00e1vel, defendemos revis\u00f5es [&hellip;]<\/p>\n","protected":false},"author":1,"featured_media":0,"parent":0,"menu_order":0,"comment_status":"closed","ping_status":"closed","template":"","meta":{"_et_pb_use_builder":"on","_et_pb_old_content":"","_et_gb_content_width":"","footnotes":""},"class_list":["post-240","page","type-page","status-publish","hentry"],"_links":{"self":[{"href":"https:\/\/veracruzinternational.com.br\/pt\/wp-json\/wp\/v2\/pages\/240","targetHints":{"allow":["GET"]}}],"collection":[{"href":"https:\/\/veracruzinternational.com.br\/pt\/wp-json\/wp\/v2\/pages"}],"about":[{"href":"https:\/\/veracruzinternational.com.br\/pt\/wp-json\/wp\/v2\/types\/page"}],"author":[{"embeddable":true,"href":"https:\/\/veracruzinternational.com.br\/pt\/wp-json\/wp\/v2\/users\/1"}],"replies":[{"embeddable":true,"href":"https:\/\/veracruzinternational.com.br\/pt\/wp-json\/wp\/v2\/comments?post=240"}],"version-history":[{"count":14,"href":"https:\/\/veracruzinternational.com.br\/pt\/wp-json\/wp\/v2\/pages\/240\/revisions"}],"predecessor-version":[{"id":530,"href":"https:\/\/veracruzinternational.com.br\/pt\/wp-json\/wp\/v2\/pages\/240\/revisions\/530"}],"wp:attachment":[{"href":"https:\/\/veracruzinternational.com.br\/pt\/wp-json\/wp\/v2\/media?parent=240"}],"curies":[{"name":"wp","href":"https:\/\/api.w.org\/{rel}","templated":true}]}}