{"id":199,"date":"2024-05-02T12:09:29","date_gmt":"2024-05-02T15:09:29","guid":{"rendered":"https:\/\/veracruzinternational.com.br\/?page_id=199"},"modified":"2024-06-03T22:09:54","modified_gmt":"2024-06-04T01:09:54","slug":"new-market-entry","status":"publish","type":"page","link":"https:\/\/veracruzinternational.com.br\/pt\/new-market-entry\/","title":{"rendered":"New Market Entry"},"content":{"rendered":"<p>[et_pb_section fb_built=&#8221;1&#8243; next_background_color=&#8221;#f7f7f7&#8243; admin_label=&#8221;Hero Section&#8221; _builder_version=&#8221;4.24.3&#8243; use_background_color_gradient=&#8221;on&#8221; background_color_gradient_stops=&#8221;rgba(0,0,0,0.4) 0%|rgba(0,0,0,0.4) 100%&#8221; background_color_gradient_overlays_image=&#8221;on&#8221; background_color_gradient_start=&#8221;rgba(0,0,0,0.4)&#8221; background_color_gradient_end=&#8221;rgba(0,0,0,0.4)&#8221; background_image=&#8221;https:\/\/veracruzinternational.com.br\/wp-content\/uploads\/2024\/05\/investors.jpg&#8221; background_position=&#8221;center_right&#8221; custom_padding=&#8221;6%||6%|&#8221; bottom_divider_style=&#8221;slant&#8221; bottom_divider_height=&#8221;60px&#8221; global_colors_info=&#8221;{}&#8221; background_color_gradient_direction__hover=&#8221;180deg&#8221; background_color_gradient_direction__hover_enabled=&#8221;180deg&#8221; background_color_gradient_start_position__hover=&#8221;0%&#8221; background_color_gradient_start_position__hover_enabled=&#8221;0%&#8221; background_color_gradient_end_position__hover=&#8221;100%&#8221; background_color_gradient_end_position__hover_enabled=&#8221;100%&#8221; background_color_gradient_stops__hover=&#8221;rgba(0,0,0,0.4) 0%|rgba(0,0,0,0.4) 100%&#8221;][et_pb_row admin_label=&#8221;Page Title Area&#8221; _builder_version=&#8221;4.16&#8243; background_size=&#8221;initial&#8221; background_position=&#8221;top_left&#8221; background_repeat=&#8221;repeat&#8221; global_colors_info=&#8221;{}&#8221;][et_pb_column type=&#8221;4_4&#8243; _builder_version=&#8221;4.16&#8243; custom_padding=&#8221;|||&#8221; global_colors_info=&#8221;{}&#8221; custom_padding__hover=&#8221;|||&#8221;][et_pb_text admin_label=&#8221;Hero Section Title&#8221; _builder_version=&#8221;4.24.3&#8243; text_font=&#8221;Montserrat||||||||&#8221; text_font_size=&#8221;39px&#8221; text_line_height=&#8221;1.8em&#8221; header_font=&#8221;Montserrat|600||on|||||&#8221; header_font_size=&#8221;52px&#8221; header_letter_spacing=&#8221;3px&#8221; header_line_height=&#8221;1.3em&#8221; header_2_font=&#8221;Montserrat|700|||||||&#8221; header_2_text_color=&#8221;rgba(255,255,255,0.6)&#8221; header_2_font_size=&#8221;53px&#8221; header_2_letter_spacing=&#8221;3px&#8221; header_2_line_height=&#8221;1.1em&#8221; text_orientation=&#8221;center&#8221; background_layout=&#8221;dark&#8221; max_width=&#8221;700px&#8221; module_alignment=&#8221;center&#8221; custom_margin=&#8221;|||&#8221; animation_style=&#8221;fade&#8221; animation_direction=&#8221;bottom&#8221; header_font_size_tablet=&#8221;&#8221; header_font_size_phone=&#8221;28px&#8221; header_font_size_last_edited=&#8221;on|phone&#8221; header_2_font_size_tablet=&#8221;&#8221; header_2_font_size_phone=&#8221;50px&#8221; header_2_font_size_last_edited=&#8221;on|phone&#8221; text_text_shadow_style=&#8221;preset1&#8243; global_colors_info=&#8221;{}&#8221;]<\/p>\n<div class=\"et_pb_module et_pb_text et_pb_text_4 et_pb_text_align_left et_pb_bg_layout_light et_had_animation\">\n<div class=\"et_pb_text_inner\">\n<p style=\"text-align: center;\">ENTRADA EM NOVOS MERCADOS<\/p>\n<\/div>\n<\/div>\n<p>[\/et_pb_text][\/et_pb_column][\/et_pb_row][\/et_pb_section][et_pb_section fb_built=&#8221;1&#8243; admin_label=&#8221;About Section&#8221; _builder_version=&#8221;4.16&#8243; background_color=&#8221;#f7f7f7&#8243; custom_padding=&#8221;90px||90px|&#8221; global_colors_info=&#8221;{}&#8221;][et_pb_row column_structure=&#8221;1_2,1_2&#8243; admin_label=&#8221;Section Title&#8221; _builder_version=&#8221;4.16&#8243; width=&#8221;83.7%&#8221; custom_margin=&#8221;|||&#8221; custom_padding=&#8221;27px|0px|2px|0px||&#8221; locked=&#8221;off&#8221; global_colors_info=&#8221;{}&#8221;][et_pb_column type=&#8221;1_2&#8243; _builder_version=&#8221;4.16&#8243; custom_padding=&#8221;|||&#8221; global_colors_info=&#8221;{}&#8221; custom_padding__hover=&#8221;|||&#8221;][et_pb_text admin_label=&#8221;Title&#8221; _builder_version=&#8221;4.24.3&#8243; text_font=&#8221;Montserrat|300|||||||&#8221; text_text_color=&#8221;#444444&#8243; text_font_size=&#8221;16px&#8221; text_line_height=&#8221;1.8em&#8221; link_font=&#8221;||||on|||#f46624|&#8221; link_text_color=&#8221;#333333&#8243; header_font=&#8221;||||||||&#8221; header_2_font=&#8221;Montserrat|600||on|||||&#8221; header_2_text_align=&#8221;center&#8221; header_2_font_size=&#8221;30px&#8221; text_orientation=&#8221;center&#8221; max_width=&#8221;1147px&#8221; module_alignment=&#8221;center&#8221; custom_margin=&#8221;||14px|||&#8221; animation_style=&#8221;slide&#8221; animation_direction=&#8221;top&#8221; animation_intensity_slide=&#8221;20%&#8221; animation_starting_opacity=&#8221;100%&#8221; global_colors_info=&#8221;{}&#8221;]<\/p>\n<p style=\"text-align: justify;\">Um novo mercado geralmente representa uma mudan\u00e7a profunda nos processos da empresa e em sua estrutura organizacional, afetando um amplo espectro de colegas, profissionais, clientes e parceiros de distribui\u00e7\u00e3o.<\/p>\n<p style=\"text-align: justify;\">Uma estrat\u00e9gia para um novo mercado precisa definir o modelo que atende ao mercado, a estrat\u00e9gia da empresa e as necessidades de seus clientes e consumidores.<\/p>\n<p style=\"text-align: justify;\">Em nossa experi\u00eancia, v\u00e1rios aspectos precisam ser considerados: a cultura da empresa, metas de curto e longo prazo, adapta\u00e7\u00f5es regionais ou de segmento, estrutura organizacional, sistemas e processos s\u00e3o apenas alguns dos in\u00fameros fatores que afetar\u00e3o a implementa\u00e7\u00e3o da estrat\u00e9gia em termos de velocidade, m\u00e9todo, governan\u00e7a, comunica\u00e7\u00e3o e metas.<\/p>\n<p>[\/et_pb_text][\/et_pb_column][et_pb_column type=&#8221;1_2&#8243; _builder_version=&#8221;4.16&#8243; custom_padding=&#8221;|||&#8221; global_colors_info=&#8221;{}&#8221; custom_padding__hover=&#8221;|||&#8221;][et_pb_image src=&#8221;https:\/\/veracruzinternational.com.br\/wp-content\/uploads\/2024\/04\/new-market.jpg&#8221; title_text=&#8221;new market&#8221; align=&#8221;center&#8221; _builder_version=&#8221;4.24.3&#8243; _module_preset=&#8221;default&#8221; global_colors_info=&#8221;{}&#8221;][\/et_pb_image][\/et_pb_column][\/et_pb_row][et_pb_row _builder_version=&#8221;4.24.3&#8243; _module_preset=&#8221;default&#8221; custom_padding=&#8221;0px||19px|||&#8221; global_colors_info=&#8221;{}&#8221;][et_pb_column type=&#8221;4_4&#8243; _builder_version=&#8221;4.24.3&#8243; _module_preset=&#8221;default&#8221; global_colors_info=&#8221;{}&#8221;][et_pb_text admin_label=&#8221;Title&#8221; _builder_version=&#8221;4.24.3&#8243; text_font=&#8221;Montserrat|300|||||||&#8221; text_text_color=&#8221;#444444&#8243; text_font_size=&#8221;16px&#8221; text_line_height=&#8221;1.8em&#8221; link_font=&#8221;||||on|||#f46624|&#8221; link_text_color=&#8221;#333333&#8243; header_font=&#8221;||||||||&#8221; header_2_font=&#8221;Montserrat|600||on|||||&#8221; header_2_text_align=&#8221;center&#8221; header_2_font_size=&#8221;30px&#8221; text_orientation=&#8221;center&#8221; max_width=&#8221;1147px&#8221; module_alignment=&#8221;center&#8221; custom_margin=&#8221;5px||6px|||&#8221; animation_style=&#8221;slide&#8221; animation_direction=&#8221;top&#8221; animation_intensity_slide=&#8221;20%&#8221; animation_starting_opacity=&#8221;100%&#8221; global_colors_info=&#8221;{}&#8221;]<\/p>\n<p style=\"text-align: justify;\">Comprometimento e gest\u00e3o inovadora s\u00e3o t\u00e3o cr\u00edticos para o sucesso quanto os aspectos t\u00e9cnicos. Profissionais de diversas divis\u00f5es ser\u00e3o altamente impactados pelo projeto e podem se sentir inseguros como resultado, especialmente quando h\u00e1 ajustes na estrutura organizacional. Isso pode impactar o desempenho, gerar um ambiente negativo, criar resist\u00eancia ao projeto ou levar \u00e0 sa\u00edda de profissionais-chave da empresa. Um plano de implementa\u00e7\u00e3o robusto \u00e9 crucial para o sucesso.<\/p>\n<p style=\"text-align: justify;\">Os impactos para clientes e consumidores exigem uma gest\u00e3o cuidadosa. Preservar e, potencialmente, melhorar o relacionamento com clientes e parceiros durante esse per\u00edodo de mudan\u00e7a ser\u00e1 fundamental para o sucesso do novo modelo. Voc\u00ea pode ter que lidar com mudan\u00e7as em toda a rede de distribui\u00e7\u00e3o. Isso pode envolver a migra\u00e7\u00e3o de clientes entre canais e contas de vendas, negocia\u00e7\u00f5es com distribuidores, mudan\u00e7as para representantes de vendas e muitos outros impactos que devem ser planejados e conduzidos de maneira extremamente cuidadosa.<\/p>\n<p style=\"text-align: justify;\">As expectativas s\u00e3o altas em uma transforma\u00e7\u00e3o dessa natureza. Quando o ambiente e o contexto de neg\u00f3cios exercem alta press\u00e3o por resultados qualitativos e quantitativos no curto prazo, torna-se ainda mais importante ser claro sobre os impactos e os resultados potenciais, gerenciando as expectativas ao longo do processo. Ajudamos nossos clientes a planejar a implementa\u00e7\u00e3o, avaliar compensa\u00e7\u00f5es e o n\u00edvel de risco, calcular retornos financeiros e implementar medidas de conting\u00eancia de maneira transparente para que escolhas conscientes possam ser feitas.<\/p>\n<p>[\/et_pb_text][\/et_pb_column][\/et_pb_row][\/et_pb_section][et_pb_section fb_built=&#8221;1&#8243; admin_label=&#8221;CTA Section&#8221; _builder_version=&#8221;4.24.3&#8243; background_color=&#8221;#f16334&#8243; use_background_color_gradient=&#8221;on&#8221; background_color_gradient_stops=&#8221;rgba(0,0,0,0.69) 1%|rgba(0,0,0,0.09) 98%&#8221; background_color_gradient_overlays_image=&#8221;on&#8221; background_color_gradient_start=&#8221;#f16334&#8243; background_color_gradient_end=&#8221;rgba(241,99,52,0.85)&#8221; background_image=&#8221;https:\/\/veracruzinternational.com.br\/wp-content\/uploads\/2024\/05\/NEW-MARKET-ENTRY-.jpg&#8221; custom_padding=&#8221;152px||133px|||&#8221; global_colors_info=&#8221;{}&#8221;][et_pb_row admin_label=&#8221;CTA Area&#8221; _builder_version=&#8221;4.16&#8243; locked=&#8221;off&#8221; global_colors_info=&#8221;{}&#8221;][et_pb_column type=&#8221;4_4&#8243; _builder_version=&#8221;4.16&#8243; custom_padding=&#8221;|||&#8221; global_colors_info=&#8221;{}&#8221; custom_padding__hover=&#8221;|||&#8221;][et_pb_text _builder_version=&#8221;4.24.3&#8243; text_font=&#8221;Montserrat||||||||&#8221; text_font_size=&#8221;36px&#8221; text_line_height=&#8221;1.5em&#8221; text_orientation=&#8221;center&#8221; background_layout=&#8221;dark&#8221; module_alignment=&#8221;center&#8221; custom_padding=&#8221;||20px|&#8221; animation_style=&#8221;flip&#8221; animation_intensity_flip=&#8221;20%&#8221; animation_starting_opacity=&#8221;200%&#8221; global_colors_info=&#8221;{}&#8221;]<\/p>\n<p>Uma estrat\u00e9gia para um novo mercado precisa definir o modelo que atende ao mercado, a estrat\u00e9gia da empresa e as necessidades de seus clientes e consumidores.<\/p>\n<p>[\/et_pb_text][et_pb_button button_url=&#8221;https:\/\/wa.me\/447794219606?text=Eu+gostaria+de+mais+informa\u00e7\u00f5es+por%20favor&#8221; button_text=&#8221;Contate-nos!&#8221; button_alignment=&#8221;center&#8221; _builder_version=&#8221;4.24.3&#8243; custom_button=&#8221;on&#8221; button_text_size=&#8221;16px&#8221; button_text_color=&#8221;#FFFFFF&#8221; button_bg_color=&#8221;#7CDA24&#8243; button_border_width=&#8221;0px&#8221; button_letter_spacing=&#8221;2px&#8221; button_font=&#8221;Montserrat|600||on|||||&#8221; button_icon=&#8221;&#xf232;||fa||400&#8243; button_on_hover=&#8221;off&#8221; custom_margin=&#8221;|||&#8221; custom_padding=&#8221;12px||12px|&#8221; animation_style=&#8221;fade&#8221; hover_enabled=&#8221;0&#8243; button_letter_spacing_hover=&#8221;2px&#8221; global_colors_info=&#8221;{}&#8221; button_text_size__hover_enabled=&#8221;off&#8221; button_one_text_size__hover_enabled=&#8221;off&#8221; button_two_text_size__hover_enabled=&#8221;off&#8221; button_text_color__hover_enabled=&#8221;off&#8221; button_one_text_color__hover_enabled=&#8221;off&#8221; button_two_text_color__hover_enabled=&#8221;off&#8221; button_border_width__hover_enabled=&#8221;off&#8221; button_one_border_width__hover_enabled=&#8221;off&#8221; button_two_border_width__hover_enabled=&#8221;off&#8221; button_border_color__hover_enabled=&#8221;off&#8221; button_one_border_color__hover_enabled=&#8221;off&#8221; button_two_border_color__hover_enabled=&#8221;off&#8221; button_border_radius__hover_enabled=&#8221;off&#8221; button_one_border_radius__hover_enabled=&#8221;off&#8221; button_two_border_radius__hover_enabled=&#8221;off&#8221; button_letter_spacing__hover_enabled=&#8221;on&#8221; button_letter_spacing__hover=&#8221;2px&#8221; button_one_letter_spacing__hover_enabled=&#8221;off&#8221; button_two_letter_spacing__hover_enabled=&#8221;off&#8221; button_bg_color__hover_enabled=&#8221;off&#8221; button_one_bg_color__hover_enabled=&#8221;off&#8221; button_two_bg_color__hover_enabled=&#8221;off&#8221; sticky_enabled=&#8221;0&#8243;][\/et_pb_button][\/et_pb_column][\/et_pb_row][\/et_pb_section]<\/p>\n","protected":false},"excerpt":{"rendered":"<p>ENTRADA EM NOVOS MERCADOS Um novo mercado geralmente representa uma mudan\u00e7a profunda nos processos da empresa e em sua estrutura organizacional, afetando um amplo espectro de colegas, profissionais, clientes e parceiros de distribui\u00e7\u00e3o. Uma estrat\u00e9gia para um novo mercado precisa definir o modelo que atende ao mercado, a estrat\u00e9gia da empresa e as necessidades de [&hellip;]<\/p>\n","protected":false},"author":1,"featured_media":0,"parent":0,"menu_order":0,"comment_status":"closed","ping_status":"closed","template":"","meta":{"_et_pb_use_builder":"on","_et_pb_old_content":"","_et_gb_content_width":"","footnotes":""},"class_list":["post-199","page","type-page","status-publish","hentry"],"_links":{"self":[{"href":"https:\/\/veracruzinternational.com.br\/pt\/wp-json\/wp\/v2\/pages\/199","targetHints":{"allow":["GET"]}}],"collection":[{"href":"https:\/\/veracruzinternational.com.br\/pt\/wp-json\/wp\/v2\/pages"}],"about":[{"href":"https:\/\/veracruzinternational.com.br\/pt\/wp-json\/wp\/v2\/types\/page"}],"author":[{"embeddable":true,"href":"https:\/\/veracruzinternational.com.br\/pt\/wp-json\/wp\/v2\/users\/1"}],"replies":[{"embeddable":true,"href":"https:\/\/veracruzinternational.com.br\/pt\/wp-json\/wp\/v2\/comments?post=199"}],"version-history":[{"count":10,"href":"https:\/\/veracruzinternational.com.br\/pt\/wp-json\/wp\/v2\/pages\/199\/revisions"}],"predecessor-version":[{"id":527,"href":"https:\/\/veracruzinternational.com.br\/pt\/wp-json\/wp\/v2\/pages\/199\/revisions\/527"}],"wp:attachment":[{"href":"https:\/\/veracruzinternational.com.br\/pt\/wp-json\/wp\/v2\/media?parent=199"}],"curies":[{"name":"wp","href":"https:\/\/api.w.org\/{rel}","templated":true}]}}