{"id":161,"date":"2024-05-02T10:24:17","date_gmt":"2024-05-02T13:24:17","guid":{"rendered":"https:\/\/veracruzinternational.com.br\/?page_id=161"},"modified":"2024-05-31T15:17:24","modified_gmt":"2024-05-31T18:17:24","slug":"strategic-mapping","status":"publish","type":"page","link":"https:\/\/veracruzinternational.com.br\/pt\/strategic-mapping\/","title":{"rendered":"Strategic Mapping"},"content":{"rendered":"<p>[et_pb_section fb_built=&#8221;1&#8243; next_background_color=&#8221;#f7f7f7&#8243; admin_label=&#8221;Hero Section&#8221; _builder_version=&#8221;4.24.3&#8243; use_background_color_gradient=&#8221;on&#8221; background_color_gradient_stops=&#8221;rgba(0,0,0,0.4) 0%|rgba(0,0,0,0.4) 100%&#8221; background_color_gradient_overlays_image=&#8221;on&#8221; background_color_gradient_start=&#8221;rgba(0,0,0,0.4)&#8221; background_color_gradient_end=&#8221;rgba(0,0,0,0.4)&#8221; background_image=&#8221;https:\/\/veracruzinternational.com.br\/wp-content\/uploads\/2024\/05\/investors.jpg&#8221; background_position=&#8221;center_right&#8221; custom_padding=&#8221;6%||6%|&#8221; bottom_divider_style=&#8221;slant&#8221; bottom_divider_height=&#8221;60px&#8221; global_colors_info=&#8221;{}&#8221; background_color_gradient_direction__hover=&#8221;180deg&#8221; background_color_gradient_direction__hover_enabled=&#8221;180deg&#8221; background_color_gradient_start_position__hover=&#8221;0%&#8221; background_color_gradient_start_position__hover_enabled=&#8221;0%&#8221; background_color_gradient_end_position__hover=&#8221;100%&#8221; background_color_gradient_end_position__hover_enabled=&#8221;100%&#8221; background_color_gradient_stops__hover=&#8221;rgba(0,0,0,0.4) 0%|rgba(0,0,0,0.4) 100%&#8221;][et_pb_row admin_label=&#8221;Page Title Area&#8221; _builder_version=&#8221;4.16&#8243; background_size=&#8221;initial&#8221; background_position=&#8221;top_left&#8221; background_repeat=&#8221;repeat&#8221; global_colors_info=&#8221;{}&#8221;][et_pb_column type=&#8221;4_4&#8243; _builder_version=&#8221;4.16&#8243; custom_padding=&#8221;|||&#8221; global_colors_info=&#8221;{}&#8221; custom_padding__hover=&#8221;|||&#8221;][et_pb_text admin_label=&#8221;Hero Section Title&#8221; _builder_version=&#8221;4.24.3&#8243; text_font=&#8221;Montserrat||||||||&#8221; text_font_size=&#8221;18px&#8221; text_line_height=&#8221;1.8em&#8221; header_font=&#8221;Montserrat|600||on|||||&#8221; header_font_size=&#8221;41px&#8221; header_letter_spacing=&#8221;3px&#8221; header_line_height=&#8221;1.3em&#8221; header_2_font=&#8221;Montserrat|700|||||||&#8221; header_2_text_color=&#8221;rgba(255,255,255,0.6)&#8221; header_2_font_size=&#8221;90px&#8221; header_2_letter_spacing=&#8221;3px&#8221; header_2_line_height=&#8221;1.1em&#8221; text_orientation=&#8221;center&#8221; background_layout=&#8221;dark&#8221; max_width=&#8221;700px&#8221; module_alignment=&#8221;center&#8221; custom_margin=&#8221;|||&#8221; animation_style=&#8221;fade&#8221; animation_direction=&#8221;bottom&#8221; header_font_size_tablet=&#8221;&#8221; header_font_size_phone=&#8221;28px&#8221; header_font_size_last_edited=&#8221;on|phone&#8221; header_2_font_size_tablet=&#8221;&#8221; header_2_font_size_phone=&#8221;50px&#8221; header_2_font_size_last_edited=&#8221;on|phone&#8221; text_text_shadow_style=&#8221;preset1&#8243; global_colors_info=&#8221;{}&#8221;]<\/p>\n<div class=\"et_pb_module et_pb_text et_pb_text_4 et_pb_text_align_left et_pb_bg_layout_light et_had_animation\">\n<div class=\"et_pb_text_inner\">\n<h1>MAPEAMENTO ESTRAT\u00c9GICO<\/h1>\n<\/div>\n<\/div>\n<div class=\"et_pb_module et_pb_text et_pb_text_5 et_pb_text_align_left et_pb_bg_layout_light et_had_animation\"><\/div>\n<p>[\/et_pb_text][\/et_pb_column][\/et_pb_row][\/et_pb_section][et_pb_section fb_built=&#8221;1&#8243; admin_label=&#8221;About Section&#8221; _builder_version=&#8221;4.16&#8243; background_color=&#8221;#f7f7f7&#8243; custom_padding=&#8221;90px||90px|&#8221; global_colors_info=&#8221;{}&#8221;][et_pb_row column_structure=&#8221;1_2,1_2&#8243; admin_label=&#8221;Section Title&#8221; _builder_version=&#8221;4.16&#8243; width=&#8221;83.7%&#8221; custom_margin=&#8221;|||&#8221; custom_padding=&#8221;27px|0px|2px|0px||&#8221; locked=&#8221;off&#8221; global_colors_info=&#8221;{}&#8221;][et_pb_column type=&#8221;1_2&#8243; _builder_version=&#8221;4.16&#8243; custom_padding=&#8221;|||&#8221; global_colors_info=&#8221;{}&#8221; custom_padding__hover=&#8221;|||&#8221;][et_pb_text admin_label=&#8221;Title&#8221; _builder_version=&#8221;4.24.3&#8243; text_font=&#8221;Montserrat|300|||||||&#8221; text_text_color=&#8221;#444444&#8243; text_font_size=&#8221;16px&#8221; text_line_height=&#8221;1.8em&#8221; link_font=&#8221;||||on|||#f46624|&#8221; link_text_color=&#8221;#333333&#8243; header_font=&#8221;||||||||&#8221; header_2_font=&#8221;Montserrat|600||on|||||&#8221; header_2_text_align=&#8221;center&#8221; header_2_font_size=&#8221;30px&#8221; text_orientation=&#8221;center&#8221; max_width=&#8221;1147px&#8221; module_alignment=&#8221;center&#8221; custom_margin=&#8221;||-1px|||&#8221; animation_style=&#8221;slide&#8221; animation_direction=&#8221;top&#8221; animation_intensity_slide=&#8221;20%&#8221; animation_starting_opacity=&#8221;100%&#8221; hover_enabled=&#8221;0&#8243; global_colors_info=&#8221;{}&#8221; sticky_enabled=&#8221;0&#8243;]<\/p>\n<p style=\"text-align: justify;\">A Vera Cruz apoia os clientes na defini\u00e7\u00e3o de seu caminho estrat\u00e9gico e vis\u00e3o para o futuro.<\/p>\n<p style=\"text-align: justify;\">Trabalhamos com nossos clientes nos passos concretos necess\u00e1rios para alcan\u00e7ar o crescimento atrav\u00e9s de uma jornada colaborativa que constr\u00f3i entendimento entre a equipe de gest\u00e3o, criando uma unidade de vis\u00e3o e impulso para a mudan\u00e7a necess\u00e1ria.<\/p>\n<p style=\"text-align: justify;\">Ao longo do ciclo de vida de uma organiza\u00e7\u00e3o, \u00e9 comum que a maneira como os neg\u00f3cios s\u00e3o realizados se torne cara, complicada ou at\u00e9 mesmo uma barreira ao crescimento. As organiza\u00e7\u00f5es devem desafiar suas opera\u00e7\u00f5es \u00e0 medida que mudam em tamanho, foco, posi\u00e7\u00e3o no mercado e \u00e0 medida que a tecnologia evolui. O crescimento insatisfat\u00f3rio \u00e9 muitas vezes consequ\u00eancia da falta de foco na jornada estrat\u00e9gica.<\/p>\n<p>[\/et_pb_text][\/et_pb_column][et_pb_column type=&#8221;1_2&#8243; _builder_version=&#8221;4.16&#8243; custom_padding=&#8221;|||&#8221; global_colors_info=&#8221;{}&#8221; custom_padding__hover=&#8221;|||&#8221;][et_pb_image src=&#8221;https:\/\/veracruzinternational.com.br\/wp-content\/uploads\/2024\/04\/estrategy2.jpg&#8221; title_text=&#8221;estrategy2&#8243; align=&#8221;center&#8221; _builder_version=&#8221;4.24.3&#8243; _module_preset=&#8221;default&#8221; custom_padding=&#8221;0px|||||&#8221; global_colors_info=&#8221;{}&#8221;][\/et_pb_image][\/et_pb_column][\/et_pb_row][et_pb_row _builder_version=&#8221;4.24.3&#8243; _module_preset=&#8221;default&#8221; custom_padding=&#8221;15px|||||&#8221; global_colors_info=&#8221;{}&#8221;][et_pb_column type=&#8221;4_4&#8243; _builder_version=&#8221;4.24.3&#8243; _module_preset=&#8221;default&#8221; global_colors_info=&#8221;{}&#8221;][et_pb_text admin_label=&#8221;Title&#8221; _builder_version=&#8221;4.24.3&#8243; text_font=&#8221;Montserrat|300|||||||&#8221; text_text_color=&#8221;#444444&#8243; text_font_size=&#8221;16px&#8221; text_line_height=&#8221;1.8em&#8221; link_font=&#8221;||||on|||#f46624|&#8221; link_text_color=&#8221;#333333&#8243; header_font=&#8221;||||||||&#8221; header_2_font=&#8221;Montserrat|600||on|||||&#8221; header_2_text_align=&#8221;center&#8221; header_2_font_size=&#8221;30px&#8221; text_orientation=&#8221;center&#8221; max_width=&#8221;1147px&#8221; module_alignment=&#8221;center&#8221; custom_margin=&#8221;-1px||40px|||&#8221; custom_padding=&#8221;||0px|||&#8221; animation_style=&#8221;slide&#8221; animation_direction=&#8221;top&#8221; animation_intensity_slide=&#8221;20%&#8221; animation_starting_opacity=&#8221;100%&#8221; hover_enabled=&#8221;0&#8243; global_colors_info=&#8221;{}&#8221; sticky_enabled=&#8221;0&#8243;]<\/p>\n<p style=\"text-align: justify;\">Sem uma ambi\u00e7\u00e3o clara para o futuro, n\u00e3o h\u00e1 um mandato claro para a gest\u00e3o e falta consenso dentro da Diretoria sobre qual caminho estrat\u00e9gico seguir. Isso representa um risco consider\u00e1vel para as empresas, pois causa confus\u00e3o e conflito em toda a organiza\u00e7\u00e3o.<\/p>\n<p style=\"text-align: justify;\">Embora a ambi\u00e7\u00e3o seja importante, sua tradu\u00e7\u00e3o em um plano claro e equilibrado \u00e9 essencial para garantir que a empresa se desenvolva na dire\u00e7\u00e3o certa. Caso contr\u00e1rio, insights e ideias estrat\u00e9gicas potencialmente bons s\u00e3o desperdi\u00e7ados.<\/p>\n<p style=\"text-align: justify;\">Na Vera Cruz, abordamos o planejamento estrat\u00e9gico de maneira pragm\u00e1tica, facilitando a tomada de decis\u00f5es, construindo consenso e traduzindo a ambi\u00e7\u00e3o em iniciativas vi\u00e1veis. Afinal, a lideran\u00e7a deve assumir o plano.<\/p>\n<p style=\"text-align: justify;\">Ajudamos nossos clientes a reunir, avaliar e priorizar m\u00faltiplas perspectivas para avaliar os caminhos dispon\u00edveis, resultados e riscos. Aprendemos que nosso valor reside em estabelecer um processo abrangente de tomada de decis\u00f5es envolvendo a co-cria\u00e7\u00e3o com a lideran\u00e7a e traduzindo essa estrat\u00e9gia em etapas claras e acion\u00e1veis.<\/p>\n<p>[\/et_pb_text][\/et_pb_column][\/et_pb_row][\/et_pb_section][et_pb_section fb_built=&#8221;1&#8243; admin_label=&#8221;CTA Section&#8221; _builder_version=&#8221;4.24.3&#8243; background_color=&#8221;#f16334&#8243; use_background_color_gradient=&#8221;on&#8221; background_color_gradient_stops=&#8221;rgba(0,0,0,0.54) 2%|rgba(0,0,0,0.31) 100%&#8221; background_color_gradient_overlays_image=&#8221;on&#8221; background_color_gradient_start=&#8221;#f16334&#8243; background_color_gradient_end=&#8221;rgba(241,99,52,0.85)&#8221; background_image=&#8221;https:\/\/veracruzinternational.com.br\/wp-content\/uploads\/2024\/05\/estragic-maps-2b.jpg&#8221; custom_padding=&#8221;152px||133px|||&#8221; global_colors_info=&#8221;{}&#8221;][et_pb_row admin_label=&#8221;CTA Area&#8221; _builder_version=&#8221;4.16&#8243; locked=&#8221;off&#8221; global_colors_info=&#8221;{}&#8221;][et_pb_column type=&#8221;4_4&#8243; _builder_version=&#8221;4.16&#8243; custom_padding=&#8221;|||&#8221; global_colors_info=&#8221;{}&#8221; custom_padding__hover=&#8221;|||&#8221;][et_pb_text _builder_version=&#8221;4.24.3&#8243; text_font=&#8221;Montserrat||||||||&#8221; text_font_size=&#8221;34px&#8221; text_line_height=&#8221;1.5em&#8221; text_orientation=&#8221;center&#8221; background_layout=&#8221;dark&#8221; module_alignment=&#8221;center&#8221; custom_padding=&#8221;||20px|&#8221; animation_style=&#8221;flip&#8221; animation_intensity_flip=&#8221;20%&#8221; animation_starting_opacity=&#8221;200%&#8221; text_text_shadow_style=&#8221;preset1&#8243; global_colors_info=&#8221;{}&#8221;]<\/p>\n<p>At Vera Cruz we address strategic planning in a pragmatic manner translating the ambition into feasible initiatives.<\/p>\n<p>[\/et_pb_text][et_pb_button button_url=&#8221;https:\/\/wa.me\/447794219606?text=I+would+like+more+information+please&#8221; button_text=&#8221;CONTATE-NOS!&#8221; button_alignment=&#8221;center&#8221; _builder_version=&#8221;4.24.3&#8243; custom_button=&#8221;on&#8221; button_text_size=&#8221;16px&#8221; button_text_color=&#8221;#FFFFFF&#8221; button_bg_color=&#8221;#7CDA24&#8243; button_border_width=&#8221;0px&#8221; button_letter_spacing=&#8221;2px&#8221; button_font=&#8221;Montserrat|600||on|||||&#8221; button_icon=&#8221;&#xf232;||fa||400&#8243; button_on_hover=&#8221;off&#8221; custom_margin=&#8221;|||&#8221; custom_padding=&#8221;12px||12px|&#8221; animation_style=&#8221;fade&#8221; button_letter_spacing_hover=&#8221;2px&#8221; global_colors_info=&#8221;{}&#8221; button_text_size__hover_enabled=&#8221;off&#8221; button_one_text_size__hover_enabled=&#8221;off&#8221; button_two_text_size__hover_enabled=&#8221;off&#8221; button_text_color__hover_enabled=&#8221;off&#8221; button_one_text_color__hover_enabled=&#8221;off&#8221; button_two_text_color__hover_enabled=&#8221;off&#8221; button_border_width__hover_enabled=&#8221;off&#8221; button_one_border_width__hover_enabled=&#8221;off&#8221; button_two_border_width__hover_enabled=&#8221;off&#8221; button_border_color__hover_enabled=&#8221;off&#8221; button_one_border_color__hover_enabled=&#8221;off&#8221; button_two_border_color__hover_enabled=&#8221;off&#8221; button_border_radius__hover_enabled=&#8221;off&#8221; button_one_border_radius__hover_enabled=&#8221;off&#8221; button_two_border_radius__hover_enabled=&#8221;off&#8221; button_letter_spacing__hover_enabled=&#8221;on&#8221; button_letter_spacing__hover=&#8221;2px&#8221; button_one_letter_spacing__hover_enabled=&#8221;off&#8221; button_two_letter_spacing__hover_enabled=&#8221;off&#8221; button_bg_color__hover_enabled=&#8221;off&#8221; button_one_bg_color__hover_enabled=&#8221;off&#8221; button_two_bg_color__hover_enabled=&#8221;off&#8221;][\/et_pb_button][\/et_pb_column][\/et_pb_row][\/et_pb_section]<\/p>\n","protected":false},"excerpt":{"rendered":"<p>MAPEAMENTO ESTRAT\u00c9GICO A Vera Cruz apoia os clientes na defini\u00e7\u00e3o de seu caminho estrat\u00e9gico e vis\u00e3o para o futuro. Trabalhamos com nossos clientes nos passos concretos necess\u00e1rios para alcan\u00e7ar o crescimento atrav\u00e9s de uma jornada colaborativa que constr\u00f3i entendimento entre a equipe de gest\u00e3o, criando uma unidade de vis\u00e3o e impulso para a mudan\u00e7a necess\u00e1ria. [&hellip;]<\/p>\n","protected":false},"author":1,"featured_media":0,"parent":0,"menu_order":0,"comment_status":"closed","ping_status":"closed","template":"","meta":{"_et_pb_use_builder":"on","_et_pb_old_content":"","_et_gb_content_width":"","footnotes":""},"class_list":["post-161","page","type-page","status-publish","hentry"],"_links":{"self":[{"href":"https:\/\/veracruzinternational.com.br\/pt\/wp-json\/wp\/v2\/pages\/161","targetHints":{"allow":["GET"]}}],"collection":[{"href":"https:\/\/veracruzinternational.com.br\/pt\/wp-json\/wp\/v2\/pages"}],"about":[{"href":"https:\/\/veracruzinternational.com.br\/pt\/wp-json\/wp\/v2\/types\/page"}],"author":[{"embeddable":true,"href":"https:\/\/veracruzinternational.com.br\/pt\/wp-json\/wp\/v2\/users\/1"}],"replies":[{"embeddable":true,"href":"https:\/\/veracruzinternational.com.br\/pt\/wp-json\/wp\/v2\/comments?post=161"}],"version-history":[{"count":17,"href":"https:\/\/veracruzinternational.com.br\/pt\/wp-json\/wp\/v2\/pages\/161\/revisions"}],"predecessor-version":[{"id":506,"href":"https:\/\/veracruzinternational.com.br\/pt\/wp-json\/wp\/v2\/pages\/161\/revisions\/506"}],"wp:attachment":[{"href":"https:\/\/veracruzinternational.com.br\/pt\/wp-json\/wp\/v2\/media?parent=161"}],"curies":[{"name":"wp","href":"https:\/\/api.w.org\/{rel}","templated":true}]}}